{"id":7769,"date":"2022-03-18T06:36:13","date_gmt":"2022-03-18T06:36:13","guid":{"rendered":"https:\/\/fondation-isae-supaero.org\/our-news\/"},"modified":"2023-01-17T15:01:36","modified_gmt":"2023-01-17T15:01:36","slug":"our-news","status":"publish","type":"page","link":"https:\/\/fondation-isae-supaero.org\/en\/our-news\/","title":{"rendered":"Our news"},"content":{"rendered":"\n[et_pb_section fb_built=&#8221;1&#8243; custom_padding_last_edited=&#8221;on|phone&#8221; _builder_version=&#8221;4.14.8&#8243; _module_preset=&#8221;default&#8221; custom_padding=&#8221;6%||6%||true|false&#8221; custom_padding_tablet=&#8221;120px||60px||false|false&#8221; custom_padding_phone=&#8221;120px||50px||false|false&#8221; global_colors_info=&#8221;{}&#8221;][et_pb_row column_structure=&#8221;1_2,1_2&#8243; use_custom_gutter=&#8221;on&#8221; gutter_width=&#8221;1&#8243; make_equal=&#8221;on&#8221; _builder_version=&#8221;4.14.8&#8243; _module_preset=&#8221;default&#8221; custom_css_main_element=&#8221;align-items:center;&#8221; global_colors_info=&#8221;{}&#8221;][et_pb_column type=&#8221;1_2&#8243; _builder_version=&#8221;4.14.8&#8243; _module_preset=&#8221;default&#8221; custom_padding=&#8221;|8%|||false|false&#8221; custom_padding_tablet=&#8221;|0%|||false|false&#8221; custom_padding_phone=&#8221;|0%|||false|false&#8221; custom_padding_last_edited=&#8221;on|tablet&#8221; global_colors_info=&#8221;{}&#8221;][et_pb_image src=&#8221;http:\/\/fondation-isae-supaero.org\/wp-content\/uploads\/2022\/03\/trait-jaune-titre.svg&#8221; _builder_version=&#8221;4.14.8&#8243; _module_preset=&#8221;default&#8221; custom_margin=&#8221;||10px||false|false&#8221; global_colors_info=&#8221;{}&#8221;][\/et_pb_image][et_pb_text _builder_version=&#8221;4.14.8&#8243; _module_preset=&#8221;default&#8221; header_font=&#8221;||||||||&#8221; header_font_size=&#8221;3.3em&#8221; header_letter_spacing=&#8221;-1px&#8221; custom_margin=&#8221;||17px|||&#8221; header_font_size_tablet=&#8221;3.3em&#8221; header_font_size_phone=&#8221;3.1em&#8221; header_font_size_last_edited=&#8221;on|phone&#8221; global_colors_info=&#8221;{}&#8221;]<h1>our news<\/h1>[\/et_pb_text][et_pb_text _builder_version=&#8221;4.14.8&#8243; _module_preset=&#8221;default&#8221; max_width=&#8221;450px&#8221; max_width_tablet=&#8221;100%&#8221; max_width_phone=&#8221;100%&#8221; max_width_last_edited=&#8221;on|tablet&#8221; module_alignment=&#8221;left&#8221; custom_margin=&#8221;||32px|||&#8221; hover_enabled=&#8221;0&#8243; global_colors_info=&#8221;{}&#8221; sticky_enabled=&#8221;0&#8243;]<p>Find by themes, the news of the ISAE-SUPAERO Foundation<\/p>[\/et_pb_text][\/et_pb_column][et_pb_column type=&#8221;1_2&#8243; _builder_version=&#8221;4.14.8&#8243; _module_preset=&#8221;default&#8221; global_colors_info=&#8221;{}&#8221;][et_pb_image src=&#8221;http:\/\/fondation-isae-supaero.org\/wp-content\/uploads\/2022\/03\/AdobeStock_270865104_Preview.png&#8221; align=&#8221;right&#8221; force_fullwidth=&#8221;on&#8221; align_tablet=&#8221;left&#8221; align_phone=&#8221;left&#8221; align_last_edited=&#8221;on|tablet&#8221; module_class=&#8221;left-t&#8221; _builder_version=&#8221;4.14.8&#8243; _module_preset=&#8221;default&#8221; background_enable_image=&#8221;off&#8221; background_size=&#8221;initial&#8221; background_position=&#8221;top_left&#8221; z_index=&#8221;0&#8243; custom_margin=&#8221;||||false|false&#8221; custom_margin_tablet=&#8221;20px||||false|false&#8221; custom_margin_phone=&#8221;20px||||false|false&#8221; custom_margin_last_edited=&#8221;on|tablet&#8221; global_colors_info=&#8221;{}&#8221;][\/et_pb_image][\/et_pb_column][\/et_pb_row][\/et_pb_section][et_pb_section fb_built=&#8221;1&#8243; custom_padding_last_edited=&#8221;on|phone&#8221; module_id=&#8221;actu&#8221; _builder_version=&#8221;4.14.8&#8243; _module_preset=&#8221;default&#8221; background_enable_color=&#8221;on&#8221; background_image=&#8221;http:\/\/fondation-isae-supaero.org\/wp-content\/uploads\/2022\/03\/pointilles.svg&#8221; background_size=&#8221;initial&#8221; background_repeat=&#8221;repeat-y&#8221; custom_margin=&#8221;2%||||false|false&#8221; custom_margin_tablet=&#8221;20px||||false|false&#8221; custom_margin_phone=&#8221;20px||||false|false&#8221; custom_margin_last_edited=&#8221;on|tablet&#8221; custom_padding=&#8221;0%||120px||false|false&#8221; custom_padding_tablet=&#8221;0px||80px||false|false&#8221; custom_padding_phone=&#8221;0px||60px||false|false&#8221; global_colors_info=&#8221;{}&#8221;][et_pb_row _builder_version=&#8221;4.14.8&#8243; _module_preset=&#8221;default&#8221; global_colors_info=&#8221;{}&#8221;][et_pb_column type=&#8221;4_4&#8243; _builder_version=&#8221;4.14.8&#8243; _module_preset=&#8221;default&#8221; global_colors_info=&#8221;{}&#8221;][et_pb_image src=&#8221;http:\/\/fondation-isae-supaero.org\/wp-content\/uploads\/2022\/03\/losange-blanc.svg&#8221; align=&#8221;center&#8221; _builder_version=&#8221;4.14.8&#8243; _module_preset=&#8221;default&#8221; custom_margin=&#8221;-39px||||false|false&#8221; custom_margin_tablet=&#8221;-39px||0px||false|false&#8221; custom_margin_phone=&#8221;-39px||0px||false|false&#8221; custom_margin_last_edited=&#8221;on|tablet&#8221; custom_padding_tablet=&#8221;||0px||false|false&#8221; custom_padding_phone=&#8221;||0px||false|false&#8221; custom_padding_last_edited=&#8221;on|tablet&#8221; global_colors_info=&#8221;{}&#8221;][\/et_pb_image][\/et_pb_column][\/et_pb_row][et_pb_row custom_padding_last_edited=&#8221;on|phone&#8221; _builder_version=&#8221;4.14.8&#8243; _module_preset=&#8221;default&#8221; background_enable_image=&#8221;off&#8221; background_size=&#8221;initial&#8221; background_position=&#8221;top_right&#8221; custom_margin=&#8221;80px|auto||auto|false|false&#8221; custom_margin_tablet=&#8221;50px||||false|false&#8221; custom_margin_phone=&#8221;50px||||false|false&#8221; custom_margin_last_edited=&#8221;on|phone&#8221; custom_padding=&#8221;||0px||false|false&#8221; custom_padding_tablet=&#8221;0px||||false|false&#8221; custom_padding_phone=&#8221;0px||||false|false&#8221; background_last_edited=&#8221;on|phone&#8221; background_enable_image_phone=&#8221;off&#8221; global_colors_info=&#8221;{}&#8221;][et_pb_column type=&#8221;4_4&#8243; _builder_version=&#8221;4.14.8&#8243; _module_preset=&#8221;default&#8221; global_colors_info=&#8221;{}&#8221;][et_pb_code _builder_version=&#8221;4.14.8&#8243; _module_preset=&#8221;default&#8221; custom_margin=&#8221;||0px||false|false&#8221; custom_margin_tablet=&#8221;||0px||false|false&#8221; custom_margin_phone=&#8221;||0px||false|false&#8221; custom_margin_last_edited=&#8221;on|phone&#8221; global_colors_info=&#8221;{}&#8221;]<!-- Gridbuilder \u1d42\u1d3e Plugin (https:\/\/wpgridbuilder.com) -->\n<div class=\"wp-grid-builder wpgb-grid-5\" data-options=\"{&quot;id&quot;:5,&quot;type&quot;:&quot;masonry&quot;,&quot;source&quot;:&quot;post_type&quot;,&quot;loader&quot;:0,&quot;layout&quot;:&quot;vertical&quot;,&quot;reveal&quot;:1,&quot;isMainQuery&quot;:0,&quot;lazyLoad&quot;:0,&quot;cardSizes&quot;:{&quot;9999&quot;:{&quot;columns&quot;:1,&quot;height&quot;:240,&quot;gutter&quot;:40,&quot;ratio&quot;:&quot;1.33333&quot;},&quot;1200&quot;:{&quot;columns&quot;:1,&quot;height&quot;:240,&quot;gutter&quot;:40,&quot;ratio&quot;:&quot;1.33333&quot;},&quot;992&quot;:{&quot;columns&quot;:1,&quot;height&quot;:220,&quot;gutter&quot;:40,&quot;ratio&quot;:&quot;1.33333&quot;},&quot;768&quot;:{&quot;columns&quot;:1,&quot;height&quot;:220,&quot;gutter&quot;:40,&quot;ratio&quot;:&quot;1.33333&quot;},&quot;576&quot;:{&quot;columns&quot;:1,&quot;height&quot;:200,&quot;gutter&quot;:50,&quot;ratio&quot;:&quot;1.33333&quot;},&quot;320&quot;:{&quot;columns&quot;:1,&quot;height&quot;:200,&quot;gutter&quot;:50,&quot;ratio&quot;:&quot;1.33333&quot;}},&quot;fitRows&quot;:0,&quot;equalRows&quot;:0,&quot;equalColumns&quot;:0,&quot;fillLastRow&quot;:0,&quot;centerLastRow&quot;:0,&quot;horizontalOrder&quot;:0,&quot;fullWidth&quot;:0,&quot;transitionDelay&quot;:100,&quot;gallerySlideshow&quot;:0,&quot;rowsNumber&quot;:1,&quot;slideAlign&quot;:&quot;left&quot;,&quot;groupCells&quot;:1,&quot;draggable&quot;:1,&quot;initialIndex&quot;:0,&quot;contain&quot;:0,&quot;freeScroll&quot;:0,&quot;freeFriction&quot;:&quot;0.075&quot;,&quot;friction&quot;:&quot;0.285&quot;,&quot;attraction&quot;:&quot;0.025&quot;,&quot;autoPlay&quot;:0,&quot;pageDotAriaLabel&quot;:&quot;Page dot %d&quot;,&quot;isPreview&quot;:false,&quot;isGutenberg&quot;:false,&quot;rightToLeft&quot;:false}\"><div class=\"wpgb-svg-icons\" hidden>\n\t<svg viewBox=\"0 0 120 24\" width=\"0\" height=\"0\">\n\t<defs>\n        <polygon id=\"wpgb-star-svg\" points=\"12 2.5 15.1 8.8 22 9.8 17 14.6 18.2 21.5 12 18.3 5.8 21.5 7 14.6 2 9.8 8.9 8.8\"><\/polygon>\n    <\/defs>\n    <symbol id=\"wpgb-rating-stars-svg\">\n        <use xlink:href=\"#wpgb-star-svg\"><\/use>\n        <use xlink:href=\"#wpgb-star-svg\" x=\"24\"><\/use>\n        <use xlink:href=\"#wpgb-star-svg\" x=\"48\"><\/use>\n        <use xlink:href=\"#wpgb-star-svg\" x=\"72\"><\/use>\n        <use xlink:href=\"#wpgb-star-svg\" x=\"96\"><\/use>\n    <\/symbol>\n<\/svg>\n<\/div>\n<div class=\"wpgb-wrapper\">\n\t<div class=\"wpgb-main\">\n\t<div class=\"wpgb-area wpgb-area-top-2\">\n\t<div class=\"wpgb-facet wpgb-loading wpgb-facet-2\" data-facet=\"2\" data-grid=\"5\">\t<fieldset>\n\t\t<legend class=\"wpgb-facet-title wpgb-sr-only\">nos-actualites-categories<\/legend>\n\t\t<div class=\"wpgb-select-facet\"><label><span class=\"wpgb-sr-only\">Select content<\/span><select class=\"wpgb-select\" name=\"nos_actualites_categories\"><option value=\"\">Tous<\/option><option value=\"ose-isae-supaero-en\">OSE ISAE-SUPAERO<\/option><option value=\"event\">Event<\/option><option value=\"the-laureats\">The laureats<\/option><option value=\"our-patrons-in-the-spotlight\">Our patrons in the spotlight<\/option><option value=\"class-gifts\">Class Gifts<\/option><\/select><span class=\"wpgb-select-controls\"><span class=\"wpgb-select-separator\"><\/span><svg class=\"wpgb-select-toggle\" viewBox=\"0 0 20 20\" height=\"20\" width=\"20\" aria-hidden=\"true\" focusable=\"false\"><path d=\"M4.516 7.548c.436-.446 1.043-.481 1.576 0L10 11.295l3.908-3.747c.533-.481 1.141-.446 1.574 0 .436.445.408 1.197 0 1.615-.406.418-4.695 4.502-4.695 4.502-.217.223-.502.335-.787.335s-.57-.112-.789-.335c0 0-4.287-4.084-4.695-4.502s-.436-1.17 0-1.615z\"><\/path><\/svg><\/span><\/label><\/div>\t<\/fieldset>\n\t<\/div><\/div>\n<div class=\"wpgb-layout\">\n\t<div class=\"wpgb-viewport\">\n\t\t<div class=\"wpgb-masonry\">\n\t\t\t<article class=\"wpgb-card wpgb-card-43 wpgb-post-15667 wpgb-card-hidden\" data-col=\"1\" data-row=\"1\" data-format=\"standard\"><div class=\"wpgb-card-wrapper\"><div class=\"wpgb-card-inner\" data-action><div class=\"wpgb-card-content wpgb-scheme-dark\"><div class=\"wpgb-card-body\"><time class=\"wpgb-block-3 yellow-bg\" datetime=\"2026-03-03T13:06:44+00:00\">3 March 2026<\/time><h3 class=\"wpgb-block-1 wpgb-hover-accent-1\"><a href=\"https:\/\/fondation-isae-supaero.org\/en\/jean-pierson-leadership-award-2025\/\">Jean Pierson Leadership Award 2025<\/a><\/h3><div class=\"wpgb-block-2 wpgb-idle-scheme-2\"><p>Today, we&#8217;re dedicating an article to those whose career paths and vision embody the spirit of leadership conveyed by former Airbus executive Jean Pierson.<\/p><\/div><\/div><\/div><a class=\"wpgb-card-layer-link\" href=\"https:\/\/fondation-isae-supaero.org\/en\/jean-pierson-leadership-award-2025\/\"><\/a><\/div><\/div><\/article><article class=\"wpgb-card wpgb-card-43 wpgb-post-15638 wpgb-card-hidden\" data-col=\"1\" data-row=\"1\" data-format=\"standard\"><div class=\"wpgb-card-wrapper\"><div class=\"wpgb-card-inner\" data-action><div class=\"wpgb-card-content wpgb-scheme-dark\"><div class=\"wpgb-card-body\"><time class=\"wpgb-block-3 yellow-bg\" datetime=\"2026-02-25T10:54:12+00:00\">25 February 2026<\/time><h3 class=\"wpgb-block-1 wpgb-hover-accent-1\"><a href=\"https:\/\/fondation-isae-supaero.org\/en\/2026-foundation-awards-evening\/\">2026 Foundation Awards Evening<\/a><\/h3><div class=\"wpgb-block-2 wpgb-idle-scheme-2\"><p>On Thursday, February 19, we held our 7th annual awards ceremony for scholarships, prizes and support! Let&#8217;s take a look back at the projects you support. <\/p><\/div><\/div><\/div><a class=\"wpgb-card-layer-link\" href=\"https:\/\/fondation-isae-supaero.org\/en\/2026-foundation-awards-evening\/\"><\/a><\/div><\/div><\/article><article class=\"wpgb-card wpgb-card-43 wpgb-post-15571 wpgb-card-hidden\" data-col=\"1\" data-row=\"1\" data-format=\"standard\"><div class=\"wpgb-card-wrapper\"><div class=\"wpgb-card-inner\" data-action><div class=\"wpgb-card-content wpgb-scheme-dark\"><div class=\"wpgb-card-body\"><time class=\"wpgb-block-3 yellow-bg\" datetime=\"2026-02-02T13:54:22+00:00\">2 February 2026<\/time><h3 class=\"wpgb-block-1 wpgb-hover-accent-1\"><a href=\"https:\/\/fondation-isae-supaero.org\/en\/3-paths-1-school-an-inspiring-encounter-between-generations\/\">3 paths, 1 school: an inspiring encounter between generations<\/a><\/h3><div class=\"wpgb-block-2 wpgb-idle-scheme-2\"><p>On January 27, the Fondation ISAE-SUPAERO and ISAE-SUPAERO co-organized an exceptional conference dedicated to exchanges between students and alumni with remarkably varied and inspiring backgrounds.<\/p><\/div><\/div><\/div><a class=\"wpgb-card-layer-link\" href=\"https:\/\/fondation-isae-supaero.org\/en\/3-paths-1-school-an-inspiring-encounter-between-generations\/\"><\/a><\/div><\/div><\/article><article class=\"wpgb-card wpgb-card-43 wpgb-post-13780 wpgb-card-hidden\" data-col=\"1\" data-row=\"1\" data-format=\"standard\"><div class=\"wpgb-card-wrapper\"><div class=\"wpgb-card-inner\" data-action><div class=\"wpgb-card-media wpgb-scheme-light\" data-action><svg data-ratio style=\"padding-top:75%\" viewBox=\"0 0 4 3\"><\/svg><div class=\"wpgb-card-media-thumbnail\"><a href=\"https:\/\/fondation-isae-supaero.org\/wp-content\/uploads\/2025\/01\/VIGNETTE_Bourses-Jeunes-Pousses-2025-1.jpg\" tabindex=\"-1\" class=\"wpgb-handle-lb wpgb-lightbox\" data-type=\"image\" data-rel=\"5\" title=\"Enlarge photo\"><div style=\"background-image:url(https:\/\/fondation-isae-supaero.org\/wp-content\/uploads\/2025\/01\/VIGNETTE_Bourses-Jeunes-Pousses-2025-1.jpg)\"><\/div><noscript><img loading=\"lazy\" decoding=\"async\" class=\"wpgb-noscript-img\" src=\"https:\/\/fondation-isae-supaero.org\/wp-content\/uploads\/2025\/01\/VIGNETTE_Bourses-Jeunes-Pousses-2025-1.jpg\" alt=\"\" height=\"274\" width=\"400\"><\/noscript><\/a><\/div><a class=\"wpgb-card-layer-link\" href=\"https:\/\/fondation-isae-supaero.org\/en\/apply-for-the-bourses-jeunes-pousses-entrepreneuriat-2025\/\"><\/a><\/div><div class=\"wpgb-card-content wpgb-scheme-dark\"><div class=\"wpgb-card-body\"><time class=\"wpgb-block-3 yellow-bg\" datetime=\"2026-01-13T09:21:00+00:00\">13 January 2026<\/time><h3 class=\"wpgb-block-1 wpgb-hover-accent-1\"><a href=\"https:\/\/fondation-isae-supaero.org\/en\/apply-for-the-bourses-jeunes-pousses-entrepreneuriat-2025\/\">Apply for the Bourses Jeunes Pousses Entrepreneuriat 2025!<\/a><\/h3><div class=\"wpgb-block-2 wpgb-idle-scheme-2\"><p>For the fifth year running, applications for the Bourses Jeunes Pousses Entrepreneuriat are now open, thanks to the long-term support of a donor for whom entrepreneurship means everything!<\/p><\/div><\/div><\/div><a class=\"wpgb-card-layer-link\" href=\"https:\/\/fondation-isae-supaero.org\/en\/apply-for-the-bourses-jeunes-pousses-entrepreneuriat-2025\/\"><\/a><\/div><\/div><\/article><article class=\"wpgb-card wpgb-card-43 wpgb-post-15346 wpgb-card-hidden\" data-col=\"1\" data-row=\"1\" data-format=\"standard\"><div class=\"wpgb-card-wrapper\"><div class=\"wpgb-card-inner\" data-action><div class=\"wpgb-card-media wpgb-scheme-light\" data-action><svg data-ratio style=\"padding-top:75%\" viewBox=\"0 0 4 3\"><\/svg><div class=\"wpgb-card-media-thumbnail\"><a href=\"https:\/\/fondation-isae-supaero.org\/wp-content\/uploads\/2025\/11\/RMB25-Photo-HEADER-1.jpg\" tabindex=\"-1\" class=\"wpgb-handle-lb wpgb-lightbox\" data-type=\"image\" data-rel=\"5\" data-title=\"RMB25-Photo-HEADER\" data-desc=\"group photo firendly gathering Foundation 2025\" title=\"Enlarge photo\"><div style=\"background-image:url(https:\/\/fondation-isae-supaero.org\/wp-content\/uploads\/2025\/11\/RMB25-Photo-HEADER-1-768x531.jpg)\"><\/div><noscript><img loading=\"lazy\" decoding=\"async\" class=\"wpgb-noscript-img\" src=\"https:\/\/fondation-isae-supaero.org\/wp-content\/uploads\/2025\/11\/RMB25-Photo-HEADER-1-768x531.jpg\" alt=\"group photo firendly gathering Foundation 2025\" height=\"531\" width=\"768\"><\/noscript><\/a><\/div><a class=\"wpgb-card-layer-link\" href=\"https:\/\/fondation-isae-supaero.org\/en\/9%e1%b5%89-friendly-gathering\/\"><\/a><\/div><div class=\"wpgb-card-content wpgb-scheme-dark\"><div class=\"wpgb-card-body\"><time class=\"wpgb-block-3 yellow-bg\" datetime=\"2025-11-24T12:53:23+00:00\">24 November 2025<\/time><h3 class=\"wpgb-block-1 wpgb-hover-accent-1\"><a href=\"https:\/\/fondation-isae-supaero.org\/en\/9%e1%b5%89-friendly-gathering\/\">9\u1d49 Friendly gathering<\/a><\/h3><div class=\"wpgb-block-2 wpgb-idle-scheme-2\"><p>For the ninth year running, the ISAE-SUPAERO Foundation organized a meeting on November 20, 2025, bringing together representatives of corporate sponsors and scholarship students. Here&#8217;s a look back at the event. <\/p><\/div><\/div><\/div><a class=\"wpgb-card-layer-link\" href=\"https:\/\/fondation-isae-supaero.org\/en\/9%e1%b5%89-friendly-gathering\/\"><\/a><\/div><\/div><\/article>\t\t<\/div>\n\t<\/div>\n\t<\/div>\n<div class=\"wpgb-area wpgb-area-bottom-1\">\n\t<div class=\"wpgb-facet wpgb-loading wpgb-facet-5\" data-facet=\"5\" data-grid=\"5\"><nav class=\"wpgb-pagination-facet\" aria-label=\"Page navigation\"><ul class=\"wpgb-pagination\"><li class=\"wpgb-page\"><a href=\"https:\/\/fondation-isae-supaero.org\/en\/our-news\/?_page_suivante=1\" aria-current=\"true\" aria-label=\"Current Page, Page 1\" data-page=\"1\">1<\/a><\/li><li class=\"wpgb-page\"><a href=\"https:\/\/fondation-isae-supaero.org\/en\/our-news\/?_page_suivante=2\" aria-label=\"Goto Page 2\" data-page=\"2\">2<\/a><\/li><li class=\"wpgb-page\"><a href=\"https:\/\/fondation-isae-supaero.org\/en\/our-news\/?_page_suivante=3\" aria-label=\"Goto Page 3\" data-page=\"3\">3<\/a><\/li><li class=\"wpgb-page\"><span class=\"wpgb-dots-page\">\u2026<\/span><\/li><li class=\"wpgb-page\"><a href=\"https:\/\/fondation-isae-supaero.org\/en\/our-news\/?_page_suivante=18\" aria-label=\"Goto Page 18\" data-page=\"18\">18<\/a><\/li><li class=\"wpgb-page\"><a href=\"https:\/\/fondation-isae-supaero.org\/en\/our-news\/?_page_suivante=19\" aria-label=\"Goto Page 19\" data-page=\"19\">19<\/a><\/li><li class=\"wpgb-page\"><a href=\"https:\/\/fondation-isae-supaero.org\/en\/our-news\/?_page_suivante=2\" aria-label=\"Goto Page 2\" data-page=\"2\">\u00bb<\/a><\/li><\/ul><\/nav><\/div><\/div>\n\t<\/div>\n\t\t<\/div>\n<\/div>\n[\/et_pb_code][\/et_pb_column][\/et_pb_row][\/et_pb_section]\n","protected":false},"excerpt":{"rendered":"","protected":false},"author":1,"featured_media":0,"parent":0,"menu_order":0,"comment_status":"closed","ping_status":"closed","template":"","meta":{"_acf_changed":false,"_et_pb_use_builder":"on","_et_pb_old_content":"","_et_gb_content_width":"","footnotes":""},"class_list":["post-7769","page","type-page","status-publish","hentry"],"acf":[],"yoast_head":"<!-- This site is optimized with the Yoast SEO plugin v26.6 - https:\/\/yoast.com\/wordpress\/plugins\/seo\/ -->\n<title>Our news - Fondation ISAE-SUPAERO<\/title>\n<meta name=\"description\" content=\"Find by themes, the news of the ISAE-SUPAERO Foundation\" \/>\n<meta name=\"robots\" content=\"index, follow, max-snippet:-1, max-image-preview:large, max-video-preview:-1\" \/>\n<link rel=\"canonical\" href=\"https:\/\/fondation-isae-supaero.org\/en\/our-news\/\" \/>\n<meta property=\"og:locale\" content=\"en_US\" \/>\n<meta property=\"og:type\" content=\"article\" \/>\n<meta property=\"og:title\" content=\"Our news - Fondation ISAE-SUPAERO\" \/>\n<meta property=\"og:description\" content=\"Find by themes, the news of the ISAE-SUPAERO Foundation\" \/>\n<meta property=\"og:url\" content=\"https:\/\/fondation-isae-supaero.org\/en\/our-news\/\" \/>\n<meta property=\"og:site_name\" content=\"Fondation ISAE-SUPAERO\" \/>\n<meta property=\"article:modified_time\" content=\"2023-01-17T15:01:36+00:00\" \/>\n<meta name=\"twitter:card\" content=\"summary_large_image\" \/>\n<meta name=\"twitter:label1\" content=\"Est. reading time\" \/>\n\t<meta name=\"twitter:data1\" content=\"3 minutes\" \/>\n<script type=\"application\/ld+json\" class=\"yoast-schema-graph\">{\"@context\":\"https:\/\/schema.org\",\"@graph\":[{\"@type\":\"WebPage\",\"@id\":\"https:\/\/fondation-isae-supaero.org\/en\/our-news\/\",\"url\":\"https:\/\/fondation-isae-supaero.org\/en\/our-news\/\",\"name\":\"Our news - Fondation ISAE-SUPAERO\",\"isPartOf\":{\"@id\":\"https:\/\/fondation-isae-supaero.org\/en\/#website\"},\"datePublished\":\"2022-03-18T06:36:13+00:00\",\"dateModified\":\"2023-01-17T15:01:36+00:00\",\"description\":\"Find by themes, the news of the ISAE-SUPAERO Foundation\",\"breadcrumb\":{\"@id\":\"https:\/\/fondation-isae-supaero.org\/en\/our-news\/#breadcrumb\"},\"inLanguage\":\"en-US\",\"potentialAction\":[{\"@type\":\"ReadAction\",\"target\":[\"https:\/\/fondation-isae-supaero.org\/en\/our-news\/\"]}]},{\"@type\":\"BreadcrumbList\",\"@id\":\"https:\/\/fondation-isae-supaero.org\/en\/our-news\/#breadcrumb\",\"itemListElement\":[{\"@type\":\"ListItem\",\"position\":1,\"name\":\"Accueil\",\"item\":\"https:\/\/fondation-isae-supaero.org\/en\/\"},{\"@type\":\"ListItem\",\"position\":2,\"name\":\"Our news\"}]},{\"@type\":\"WebSite\",\"@id\":\"https:\/\/fondation-isae-supaero.org\/en\/#website\",\"url\":\"https:\/\/fondation-isae-supaero.org\/en\/\",\"name\":\"Fondation ISAE-SUPAERO\",\"description\":\"Pour le soutien de la recherche et l&#039;enseignement sup\u00e9rieur \u00e0 l&#039;Institut Sup\u00e9rieur de l&#039;A\u00e9ronautique et de l&#039;Espace\",\"publisher\":{\"@id\":\"https:\/\/fondation-isae-supaero.org\/en\/#organization\"},\"potentialAction\":[{\"@type\":\"SearchAction\",\"target\":{\"@type\":\"EntryPoint\",\"urlTemplate\":\"https:\/\/fondation-isae-supaero.org\/en\/?s={search_term_string}\"},\"query-input\":{\"@type\":\"PropertyValueSpecification\",\"valueRequired\":true,\"valueName\":\"search_term_string\"}}],\"inLanguage\":\"en-US\"},{\"@type\":\"Organization\",\"@id\":\"https:\/\/fondation-isae-supaero.org\/en\/#organization\",\"name\":\"Fondation ISAE Supaero\",\"url\":\"https:\/\/fondation-isae-supaero.org\/en\/\",\"logo\":{\"@type\":\"ImageObject\",\"inLanguage\":\"en-US\",\"@id\":\"https:\/\/fondation-isae-supaero.org\/en\/#\/schema\/logo\/image\/\",\"url\":\"https:\/\/fondation-isae-supaero.org\/wp-content\/uploads\/2022\/04\/logo-fondation-ras-293px.svg\",\"contentUrl\":\"https:\/\/fondation-isae-supaero.org\/wp-content\/uploads\/2022\/04\/logo-fondation-ras-293px.svg\",\"width\":294,\"height\":93,\"caption\":\"Fondation ISAE Supaero\"},\"image\":{\"@id\":\"https:\/\/fondation-isae-supaero.org\/en\/#\/schema\/logo\/image\/\"}}]}<\/script>\n<!-- \/ Yoast SEO plugin. -->","yoast_head_json":{"title":"Our news - Fondation ISAE-SUPAERO","description":"Find by themes, the news of the ISAE-SUPAERO Foundation","robots":{"index":"index","follow":"follow","max-snippet":"max-snippet:-1","max-image-preview":"max-image-preview:large","max-video-preview":"max-video-preview:-1"},"canonical":"https:\/\/fondation-isae-supaero.org\/en\/our-news\/","og_locale":"en_US","og_type":"article","og_title":"Our news - Fondation ISAE-SUPAERO","og_description":"Find by themes, the news of the ISAE-SUPAERO Foundation","og_url":"https:\/\/fondation-isae-supaero.org\/en\/our-news\/","og_site_name":"Fondation ISAE-SUPAERO","article_modified_time":"2023-01-17T15:01:36+00:00","twitter_card":"summary_large_image","twitter_misc":{"Est. reading time":"3 minutes"},"schema":{"@context":"https:\/\/schema.org","@graph":[{"@type":"WebPage","@id":"https:\/\/fondation-isae-supaero.org\/en\/our-news\/","url":"https:\/\/fondation-isae-supaero.org\/en\/our-news\/","name":"Our news - Fondation ISAE-SUPAERO","isPartOf":{"@id":"https:\/\/fondation-isae-supaero.org\/en\/#website"},"datePublished":"2022-03-18T06:36:13+00:00","dateModified":"2023-01-17T15:01:36+00:00","description":"Find by themes, the news of the ISAE-SUPAERO Foundation","breadcrumb":{"@id":"https:\/\/fondation-isae-supaero.org\/en\/our-news\/#breadcrumb"},"inLanguage":"en-US","potentialAction":[{"@type":"ReadAction","target":["https:\/\/fondation-isae-supaero.org\/en\/our-news\/"]}]},{"@type":"BreadcrumbList","@id":"https:\/\/fondation-isae-supaero.org\/en\/our-news\/#breadcrumb","itemListElement":[{"@type":"ListItem","position":1,"name":"Accueil","item":"https:\/\/fondation-isae-supaero.org\/en\/"},{"@type":"ListItem","position":2,"name":"Our news"}]},{"@type":"WebSite","@id":"https:\/\/fondation-isae-supaero.org\/en\/#website","url":"https:\/\/fondation-isae-supaero.org\/en\/","name":"Fondation ISAE-SUPAERO","description":"Pour le soutien de la recherche et l&#039;enseignement sup\u00e9rieur \u00e0 l&#039;Institut Sup\u00e9rieur de l&#039;A\u00e9ronautique et de l&#039;Espace","publisher":{"@id":"https:\/\/fondation-isae-supaero.org\/en\/#organization"},"potentialAction":[{"@type":"SearchAction","target":{"@type":"EntryPoint","urlTemplate":"https:\/\/fondation-isae-supaero.org\/en\/?s={search_term_string}"},"query-input":{"@type":"PropertyValueSpecification","valueRequired":true,"valueName":"search_term_string"}}],"inLanguage":"en-US"},{"@type":"Organization","@id":"https:\/\/fondation-isae-supaero.org\/en\/#organization","name":"Fondation ISAE Supaero","url":"https:\/\/fondation-isae-supaero.org\/en\/","logo":{"@type":"ImageObject","inLanguage":"en-US","@id":"https:\/\/fondation-isae-supaero.org\/en\/#\/schema\/logo\/image\/","url":"https:\/\/fondation-isae-supaero.org\/wp-content\/uploads\/2022\/04\/logo-fondation-ras-293px.svg","contentUrl":"https:\/\/fondation-isae-supaero.org\/wp-content\/uploads\/2022\/04\/logo-fondation-ras-293px.svg","width":294,"height":93,"caption":"Fondation ISAE Supaero"},"image":{"@id":"https:\/\/fondation-isae-supaero.org\/en\/#\/schema\/logo\/image\/"}}]}},"_links":{"self":[{"href":"https:\/\/fondation-isae-supaero.org\/en\/wp-json\/wp\/v2\/pages\/7769","targetHints":{"allow":["GET"]}}],"collection":[{"href":"https:\/\/fondation-isae-supaero.org\/en\/wp-json\/wp\/v2\/pages"}],"about":[{"href":"https:\/\/fondation-isae-supaero.org\/en\/wp-json\/wp\/v2\/types\/page"}],"author":[{"embeddable":true,"href":"https:\/\/fondation-isae-supaero.org\/en\/wp-json\/wp\/v2\/users\/1"}],"replies":[{"embeddable":true,"href":"https:\/\/fondation-isae-supaero.org\/en\/wp-json\/wp\/v2\/comments?post=7769"}],"version-history":[{"count":3,"href":"https:\/\/fondation-isae-supaero.org\/en\/wp-json\/wp\/v2\/pages\/7769\/revisions"}],"predecessor-version":[{"id":9373,"href":"https:\/\/fondation-isae-supaero.org\/en\/wp-json\/wp\/v2\/pages\/7769\/revisions\/9373"}],"wp:attachment":[{"href":"https:\/\/fondation-isae-supaero.org\/en\/wp-json\/wp\/v2\/media?parent=7769"}],"curies":[{"name":"wp","href":"https:\/\/api.w.org\/{rel}","templated":true}]}}