{"id":7845,"date":"2022-03-18T06:44:30","date_gmt":"2022-03-18T06:44:30","guid":{"rendered":"https:\/\/fondation-isae-supaero.org\/teacher-researchers\/"},"modified":"2025-02-27T09:17:20","modified_gmt":"2025-02-27T09:17:20","slug":"teacher-researchers","status":"publish","type":"page","link":"https:\/\/fondation-isae-supaero.org\/en\/teacher-researchers\/","title":{"rendered":"Teacher-researchers"},"content":{"rendered":"<p>[et_pb_section fb_built=&#8221;1&#8243; custom_padding_last_edited=&#8221;on|phone&#8221; _builder_version=&#8221;4.16&#8243; _module_preset=&#8221;default&#8221; custom_padding=&#8221;6%||6%||true|false&#8221; custom_padding_tablet=&#8221;120px||60px||false|false&#8221; custom_padding_phone=&#8221;120px||50px||false|false&#8221; global_colors_info=&#8221;{}&#8221;][et_pb_row column_structure=&#8221;1_2,1_2&#8243; use_custom_gutter=&#8221;on&#8221; gutter_width=&#8221;1&#8243; make_equal=&#8221;on&#8221; _builder_version=&#8221;4.16&#8243; _module_preset=&#8221;default&#8221; custom_css_main_element=&#8221;align-items:center;&#8221; global_colors_info=&#8221;{}&#8221;][et_pb_column type=&#8221;1_2&#8243; _builder_version=&#8221;4.16&#8243; _module_preset=&#8221;default&#8221; custom_padding=&#8221;|6%|||false|false&#8221; custom_padding_tablet=&#8221;|0%|||false|false&#8221; custom_padding_phone=&#8221;|0%|||false|false&#8221; custom_padding_last_edited=&#8221;on|tablet&#8221; global_colors_info=&#8221;{}&#8221;][et_pb_image src=&#8221;http:\/\/fondation-isae-supaero.org\/wp-content\/uploads\/2022\/03\/trait-jaune-titre.svg&#8221; _builder_version=&#8221;4.16&#8243; _module_preset=&#8221;default&#8221; custom_margin=&#8221;||10px||false|false&#8221; global_colors_info=&#8221;{}&#8221;][\/et_pb_image][et_pb_text _builder_version=&#8221;4.16&#8243; _module_preset=&#8221;default&#8221; header_font=&#8221;||||||||&#8221; header_font_size=&#8221;3.3em&#8221; header_letter_spacing=&#8221;-1px&#8221; custom_margin=&#8221;||17px|||&#8221; header_font_size_tablet=&#8221;3.3em&#8221; header_font_size_phone=&#8221;2.6em&#8221; header_font_size_last_edited=&#8221;on|phone&#8221; global_colors_info=&#8221;{}&#8221;]<\/p>\n<h1>research teachers<\/h1>\n<p>[\/et_pb_text][et_pb_text _builder_version=&#8221;4.16&#8243; _module_preset=&#8221;default&#8221; max_width=&#8221;450px&#8221; max_width_tablet=&#8221;100%&#8221; max_width_phone=&#8221;100%&#8221; max_width_last_edited=&#8221;on|tablet&#8221; module_alignment=&#8221;left&#8221; custom_margin=&#8221;||32px|||&#8221; global_colors_info=&#8221;{}&#8221;]<\/p>\n<p>Are you a teacher-researcher at ISAE-SUPAERO? You can submit an application for each scholarship and\/or award below. This will then be studied by the Foundation&#8217;s Project Selection Committee (PSC).<\/p>\n<p>[\/et_pb_text][\/et_pb_column][et_pb_column type=&#8221;1_2&#8243; _builder_version=&#8221;4.16&#8243; _module_preset=&#8221;default&#8221; global_colors_info=&#8221;{}&#8221;][et_pb_image src=&#8221;http:\/\/fondation-isae-supaero.org\/wp-content\/uploads\/2022\/04\/enseignants-header.jpg&#8221; align=&#8221;right&#8221; force_fullwidth=&#8221;on&#8221; align_tablet=&#8221;left&#8221; align_phone=&#8221;left&#8221; align_last_edited=&#8221;on|tablet&#8221; module_class=&#8221;left-t&#8221; _builder_version=&#8221;4.16&#8243; _module_preset=&#8221;default&#8221; background_enable_image=&#8221;off&#8221; background_size=&#8221;initial&#8221; background_position=&#8221;top_left&#8221; z_index=&#8221;0&#8243; custom_margin=&#8221;||||false|false&#8221; custom_margin_tablet=&#8221;20px||||false|false&#8221; custom_margin_phone=&#8221;20px||||false|false&#8221; custom_margin_last_edited=&#8221;on|tablet&#8221; global_colors_info=&#8221;{}&#8221;][\/et_pb_image][\/et_pb_column][\/et_pb_row][\/et_pb_section][et_pb_section fb_built=&#8221;1&#8243; custom_padding_last_edited=&#8221;on|tablet&#8221; module_id=&#8221;actu&#8221; _builder_version=&#8221;4.16&#8243; _module_preset=&#8221;default&#8221; background_enable_color=&#8221;on&#8221; background_image=&#8221;http:\/\/fondation-isae-supaero.org\/wp-content\/uploads\/2022\/03\/pointilles.svg&#8221; background_size=&#8221;initial&#8221; background_repeat=&#8221;repeat-y&#8221; custom_margin=&#8221;2%||||false|false&#8221; custom_margin_tablet=&#8221;20px||||false|false&#8221; custom_margin_phone=&#8221;20px||||false|false&#8221; custom_margin_last_edited=&#8221;on|tablet&#8221; custom_padding=&#8221;0%||120px||false|false&#8221; custom_padding_tablet=&#8221;0px||100px||false|false&#8221; custom_padding_phone=&#8221;0px||100px||false|false&#8221; global_colors_info=&#8221;{}&#8221;][et_pb_row _builder_version=&#8221;4.16&#8243; _module_preset=&#8221;default&#8221; global_colors_info=&#8221;{}&#8221;][et_pb_column type=&#8221;4_4&#8243; _builder_version=&#8221;4.16&#8243; _module_preset=&#8221;default&#8221; global_colors_info=&#8221;{}&#8221;][et_pb_image src=&#8221;http:\/\/fondation-isae-supaero.org\/wp-content\/uploads\/2022\/03\/losange-blanc.svg&#8221; align=&#8221;center&#8221; _builder_version=&#8221;4.16&#8243; _module_preset=&#8221;default&#8221; custom_margin=&#8221;-39px||||false|false&#8221; custom_margin_tablet=&#8221;-39px||0px||false|false&#8221; custom_margin_phone=&#8221;-39px||0px||false|false&#8221; custom_margin_last_edited=&#8221;on|tablet&#8221; custom_padding_tablet=&#8221;||0px||false|false&#8221; custom_padding_phone=&#8221;||0px||false|false&#8221; custom_padding_last_edited=&#8221;on|tablet&#8221; global_colors_info=&#8221;{}&#8221;][\/et_pb_image][\/et_pb_column][\/et_pb_row][et_pb_row use_custom_gutter=&#8221;on&#8221; gutter_width=&#8221;1&#8243; _builder_version=&#8221;4.16&#8243; _module_preset=&#8221;default&#8221; custom_margin=&#8221;51px|auto||auto|false|false&#8221; custom_margin_tablet=&#8221;50px|auto||auto|false|false&#8221; custom_margin_phone=&#8221;50px|auto||auto|false|false&#8221; custom_margin_last_edited=&#8221;on|tablet&#8221; global_colors_info=&#8221;{}&#8221;][et_pb_column type=&#8221;4_4&#8243; _builder_version=&#8221;4.16&#8243; _module_preset=&#8221;default&#8221; custom_padding=&#8221;|0px|||false|false&#8221; custom_padding_tablet=&#8221;|0%|||false|false&#8221; custom_padding_phone=&#8221;|0%|||false|false&#8221; custom_padding_last_edited=&#8221;on|tablet&#8221; sticky_limit_bottom=&#8221;section&#8221; sticky_position_tablet=&#8221;none&#8221; sticky_position_phone=&#8221;none&#8221; sticky_position_last_edited=&#8221;on|tablet&#8221; border_color_right=&#8221;gcid-cbcef012-862c-4867-889e-8f8aada6e9fa&#8221; border_width_right_tablet=&#8221;0px&#8221; border_width_right_phone=&#8221;0px&#8221; border_width_right_last_edited=&#8221;on|tablet&#8221; global_colors_info=&#8221;{%22gcid-cbcef012-862c-4867-889e-8f8aada6e9fa%22:%91%22border_color_right%22%93}&#8221;][et_pb_text _builder_version=&#8221;4.16&#8243; _module_preset=&#8221;73cde422-6bc7-4278-8c2d-f710a884f462&#8243; header_2_text_align=&#8221;left&#8221; background_image=&#8221;http:\/\/fondation-isae-supaero.org\/wp-content\/uploads\/2022\/04\/bleu-jaune.gif&#8221; background_size=&#8221;initial&#8221; background_position=&#8221;bottom_left&#8221; max_width=&#8221;600px&#8221; module_alignment=&#8221;left&#8221; custom_padding=&#8221;0.5%||30px||false|false&#8221; custom_padding_tablet=&#8221;0px||30px||false|false&#8221; custom_padding_phone=&#8221;||30px||false|false&#8221; custom_padding_last_edited=&#8221;on|tablet&#8221; global_colors_info=&#8221;{}&#8221;]<\/p>\n<h2>the different types of grants<\/h2>\n<p>[\/et_pb_text][et_pb_toggle title=&#8221;SUPPORT FOR AN INTERNATIONAL RESEARCH STAY OR THE HOSTING OF A FOREIGN PROFESSOR&#8221; open_toggle_text_color=&#8221;gcid-e7796924-c5e5-4680-bc39-a63ddcdeea33&#8243; open_toggle_background_color=&#8221;gcid-950e6a19-45b6-4be9-bffe-4ec0fa9a99e4&#8243; closed_toggle_text_color=&#8221;gcid-e7796924-c5e5-4680-bc39-a63ddcdeea33&#8243; closed_toggle_background_color=&#8221;RGBA(255,255,255,0)&#8221; icon_color=&#8221;gcid-e7796924-c5e5-4680-bc39-a63ddcdeea33&#8243; toggle_icon=&#8221;&#x4c;||divi||400&#8243; use_icon_font_size=&#8221;on&#8221; icon_font_size=&#8221;24px&#8221; open_icon_color=&#8221;gcid-e7796924-c5e5-4680-bc39-a63ddcdeea33&#8243; open_toggle_icon=&#8221;&#x4b;||divi||400&#8243; open_use_icon_font_size=&#8221;on&#8221; open_icon_font_size=&#8221;24px&#8221; _builder_version=&#8221;4.27.3&#8243; _module_preset=&#8221;default&#8221; title_text_color=&#8221;gcid-e7796924-c5e5-4680-bc39-a63ddcdeea33&#8243; title_level=&#8221;h3&#8243; title_font=&#8221;|||on|||||&#8221; title_font_size=&#8221;1em&#8221; title_line_height=&#8221;1.2em&#8221; closed_title_font=&#8221;|||on|||||&#8221; closed_title_font_size=&#8221;1em&#8221; closed_title_line_height=&#8221;1.2em&#8221; custom_padding=&#8221;30px|20px|30px|20px|true|true&#8221; hover_enabled=&#8221;0&#8243; border_width_all=&#8221;0px&#8221; border_width_top=&#8221;2px&#8221; border_color_top=&#8221;gcid-e7796924-c5e5-4680-bc39-a63ddcdeea33&#8243; border_color_bottom=&#8221;gcid-cbcef012-862c-4867-889e-8f8aada6e9fa&#8221; border_width_bottom_tablet=&#8221;&#8221; border_width_bottom_phone=&#8221;&#8221; border_width_bottom_last_edited=&#8221;on|phone&#8221; global_colors_info=&#8221;{%22gcid-cbcef012-862c-4867-889e-8f8aada6e9fa%22:%91%22border_color_bottom%22%93,%22gcid-e7796924-c5e5-4680-bc39-a63ddcdeea33%22:%91%22icon_color%22,%22open_icon_color%22,%22open_toggle_text_color%22,%22title_text_color%22,%22closed_toggle_text_color%22,%22border_color_top%22%93,%22gcid-950e6a19-45b6-4be9-bffe-4ec0fa9a99e4%22:%91%22open_toggle_background_color%22%93}&#8221; sticky_enabled=&#8221;0&#8243;]<\/p>\n<p><em><strong>You are a research professor at ISAE-SUPAERO and you have a project for an international research trip or for hosting a foreign professor at the Institute.You are looking for the financial means to do so. Contact the Foundation and apply.<\/strong><\/em><\/p>\n<p><span style=\"text-decoration: underline;\"><strong>Deadline for submission of the complete file<\/strong><\/span> January 10th<\/p>\n<p><strong><span style=\"text-decoration: underline;\">Content of the file<\/span><\/strong> :<\/p>\n<ul>\n<li>a summary sheet to<a href=\"\/wp-content\/uploads\/2025\/02\/Fiche-synthese-sejour-de-recherche-enseignant-2025.pdf\" target=\"_blank\" rel=\"noopener\"> download<\/a><\/li>\n<li>a presentation of the candidate \/ host teacher<\/li>\n<li>a precise summary presentation of the project showing how it contributes to ISAE-SUPAERO&#8217;s reputation<\/li>\n<li>a detailed budget justifying the request for a grant<\/li>\n<li>a letter of support from the department head<\/li>\n<li>a letter from a correspondent at the host institution (for departures)<\/li>\n<\/ul>\n<p><span style=\"text-decoration: underline;\"><strong>Filing of the file<\/strong><\/span> Your questions and your file should be sent to <span style=\"text-decoration: underline;\"><strong>csp@fondation-isae-supaero.org<\/strong><\/span>.<\/p>\n<p>[\/et_pb_toggle][et_pb_toggle title=&#8221;SUPPORT FOR TEACHERS AT THE INTERNATIONAL CONFERENCE&#8221; open_toggle_text_color=&#8221;#122372&#8243; open_toggle_background_color=&#8221;#ffffff&#8221; closed_toggle_text_color=&#8221;#122372&#8243; closed_toggle_background_color=&#8221;RGBA(255,255,255,0)&#8221; icon_color=&#8221;#122372&#8243; toggle_icon=&#8221;&#x4c;||divi||400&#8243; use_icon_font_size=&#8221;on&#8221; icon_font_size=&#8221;24px&#8221; open_icon_color=&#8221;#122372&#8243; open_toggle_icon=&#8221;&#x4b;||divi||400&#8243; open_use_icon_font_size=&#8221;on&#8221; open_icon_font_size=&#8221;24px&#8221; _builder_version=&#8221;4.27.3&#8243; _module_preset=&#8221;default&#8221; title_text_color=&#8221;#122372&#8243; title_level=&#8221;h3&#8243; title_font=&#8221;|||on|||||&#8221; title_font_size=&#8221;1em&#8221; title_line_height=&#8221;1.2em&#8221; closed_title_font=&#8221;|||on|||||&#8221; closed_title_font_size=&#8221;1em&#8221; closed_title_line_height=&#8221;1.2em&#8221; custom_padding=&#8221;30px|20px|30px|20px|true|true&#8221; hover_enabled=&#8221;0&#8243; border_width_all=&#8221;0px&#8221; border_width_top=&#8221;2px&#8221; border_color_top=&#8221;#122372&#8243; border_color_bottom=&#8221;gcid-cbcef012-862c-4867-889e-8f8aada6e9fa&#8221; border_width_bottom_tablet=&#8221;&#8221; border_width_bottom_phone=&#8221;&#8221; border_width_bottom_last_edited=&#8221;on|phone&#8221; global_colors_info=&#8221;{%22gcid-cbcef012-862c-4867-889e-8f8aada6e9fa%22:%91%22icon_color%22,%22open_icon_color%22,%22open_toggle_text_color%22,%22title_text_color%22,%22closed_toggle_text_color%22,%22border_color_top%22,%22border_color_bottom%22%93,%22gcid-e7796924-c5e5-4680-bc39-a63ddcdeea33%22:%91%22icon_color%22,%22open_icon_color%22,%22open_toggle_text_color%22,%22title_text_color%22,%22closed_toggle_text_color%22,%22border_color_top%22%93,%22gcid-950e6a19-45b6-4be9-bffe-4ec0fa9a99e4%22:%91%22open_toggle_background_color%22%93}&#8221; sticky_enabled=&#8221;0&#8243;]<\/p>\n<p><em><strong>You are a research professor at ISAE-SUPAERO and you are planning to take part in or organise an international conference. You are looking for the financial means to do so. Contact the Foundation and apply.<\/strong><\/em><\/p>\n<p><span style=\"text-decoration: underline;\"><strong>Deadline for submission of the complete file<\/strong><\/span> January 10th<\/p>\n<p><span style=\"text-decoration: underline;\"><strong>Content of the file<\/strong><\/span> :<\/p>\n<ul>\n<li>a summary sheet<a href=\"\/wp-content\/uploads\/2025\/02\/Fiche-synthese-conference-internationale-professeur_2025.pdf\" target=\"_blank\" rel=\"noopener\"> to download<\/a><\/li>\n<li>a presentation of the candidate \/ host teacher<\/li>\n<li>a precise summary presentation of the project showing how it contributes to ISAE-SUPAERO&#8217;s reputation<\/li>\n<li>a detailed budget justifying the request for a grant<\/li>\n<\/ul>\n<p><span style=\"text-decoration: underline;\"><strong>Filing of the file<\/strong><\/span><strong> <\/strong>Your questions and your file should be sent to the following address <span style=\"text-decoration: underline;\"><strong>csp@fondation-isae-supaero.org<\/strong><\/span>.<\/p>\n<p>[\/et_pb_toggle][et_pb_toggle title=&#8221;GRANTS FOR ENTREPRENEURIAL PROJECTS&#8221; open_toggle_text_color=&#8221;#122372&#8243; open_toggle_background_color=&#8221;#ffffff&#8221; closed_toggle_text_color=&#8221;#122372&#8243; closed_toggle_background_color=&#8221;RGBA(255,255,255,0)&#8221; icon_color=&#8221;#122372&#8243; toggle_icon=&#8221;&#x4c;||divi||400&#8243; use_icon_font_size=&#8221;on&#8221; icon_font_size=&#8221;24px&#8221; open_icon_color=&#8221;#122372&#8243; open_toggle_icon=&#8221;&#x4b;||divi||400&#8243; open_use_icon_font_size=&#8221;on&#8221; open_icon_font_size=&#8221;24px&#8221; disabled_on=&#8221;on|on|on&#8221; _builder_version=&#8221;4.16&#8243; _module_preset=&#8221;default&#8221; title_text_color=&#8221;#122372&#8243; title_level=&#8221;h3&#8243; title_font=&#8221;|||on|||||&#8221; title_font_size=&#8221;1em&#8221; title_line_height=&#8221;1.2em&#8221; closed_title_font=&#8221;|||on|||||&#8221; closed_title_font_size=&#8221;1em&#8221; closed_title_line_height=&#8221;1.2em&#8221; custom_padding=&#8221;30px|20px|30px|20px|true|true&#8221; border_width_all=&#8221;0px&#8221; border_width_top=&#8221;2px&#8221; border_color_top=&#8221;#122372&#8243; border_width_bottom=&#8221;2px&#8221; border_color_bottom=&#8221;gcid-e7796924-c5e5-4680-bc39-a63ddcdeea33&#8243; border_width_bottom_tablet=&#8221;&#8221; border_width_bottom_phone=&#8221;&#8221; border_width_bottom_last_edited=&#8221;on|phone&#8221; disabled=&#8221;on&#8221; global_colors_info=&#8221;{%22gcid-cbcef012-862c-4867-889e-8f8aada6e9fa%22:%91%22icon_color%22,%22open_icon_color%22,%22open_toggle_text_color%22,%22title_text_color%22,%22closed_toggle_text_color%22,%22border_color_top%22%93,%22gcid-e7796924-c5e5-4680-bc39-a63ddcdeea33%22:%91%22icon_color%22,%22open_icon_color%22,%22open_toggle_text_color%22,%22title_text_color%22,%22closed_toggle_text_color%22,%22border_color_top%22,%22border_color_bottom%22%93,%22gcid-950e6a19-45b6-4be9-bffe-4ec0fa9a99e4%22:%91%22open_toggle_background_color%22%93}&#8221;]<\/p>\n<p><strong><span style=\"text-decoration: underline;\">Deadline for submission of the complete file<\/span><\/strong> January 10th<\/p>\n<p><span style=\"text-decoration: underline;\"><strong>Content of the file<\/strong><\/span> :<\/p>\n<ul>\n<li>a summary sheet to <a href=\"\/wp-content\/uploads\/2022\/09\/Fiche-synthese-Projet-entrepreneurial-enseignant-chercheur.pdf\" target=\"_blank\" rel=\"noopener\">download<\/a><\/li>\n<li>a presentation of the candidate<\/li>\n<li>a precise summary presentation of the project showing how it contributes to ISAE-SUPAERO&#8217;s reputation<\/li>\n<li>a detailed budget justifying the request for a grant<\/li>\n<li>a letter of support from Dan NGUYEN and if possible another from Laurent RASMONT<\/li>\n<\/ul>\n<p><span style=\"text-decoration: underline;\"><strong>Filing of the file<\/strong><\/span> Your questions and your file should be sent to the following address <span style=\"text-decoration: underline;\"><strong>csp@fondation-isae-supaero.org<\/strong><\/span>.<\/p>\n<p><span style=\"text-decoration: underline;\">Note<\/span>: students are advised to contact Dan NGUYEN and Laurent RASMONT<\/p>\n<p>[\/et_pb_toggle][\/et_pb_column][\/et_pb_row][et_pb_row _builder_version=&#8221;4.19.4&#8243; _module_preset=&#8221;default&#8221; custom_padding=&#8221;60px||0px||false|false&#8221; global_colors_info=&#8221;{}&#8221;][et_pb_column type=&#8221;4_4&#8243; _builder_version=&#8221;4.19.4&#8243; _module_preset=&#8221;default&#8221; global_colors_info=&#8221;{}&#8221;][et_pb_text _builder_version=&#8221;4.19.4&#8243; _module_preset=&#8221;default&#8221; global_colors_info=&#8221;{}&#8221;]<\/p>\n<p><em><strong>Please note<\/strong>: the decisions taken by the Project Selection Committee are not reasoned and cannot be appealed.<\/em><\/p>\n<p>[\/et_pb_text][\/et_pb_column][\/et_pb_row][\/et_pb_section]<\/p>\n","protected":false},"excerpt":{"rendered":"<p>research teachersAre you a teacher-researcher at ISAE-SUPAERO? You can submit an application for each scholarship and\/or award below. This will then be studied by the Foundation&#8217;s Project Selection Committee (PSC).the different types of grantsYou are a research professor at ISAE-SUPAERO and you have a project for an international research trip or for hosting a foreign [&hellip;]<\/p>\n","protected":false},"author":1,"featured_media":0,"parent":0,"menu_order":0,"comment_status":"closed","ping_status":"closed","template":"","meta":{"_acf_changed":false,"_et_pb_use_builder":"on","_et_pb_old_content":"","_et_gb_content_width":"","footnotes":""},"class_list":["post-7845","page","type-page","status-publish","hentry"],"acf":[],"yoast_head":"<!-- This site is optimized with the Yoast SEO plugin v26.6 - https:\/\/yoast.com\/wordpress\/plugins\/seo\/ -->\n<title>Teacher-researchers - Fondation ISAE-SUPAERO<\/title>\n<meta name=\"description\" content=\"Are you a teacher-researcher at ISAE-SUPAERO? You can submit an application for each scholarship and\/or award below. This will then be studied by the Foundation&#039;s Project Selection Committee (PSC).\" \/>\n<meta name=\"robots\" content=\"index, follow, max-snippet:-1, max-image-preview:large, max-video-preview:-1\" \/>\n<link rel=\"canonical\" href=\"https:\/\/fondation-isae-supaero.org\/en\/teacher-researchers\/\" \/>\n<meta property=\"og:locale\" content=\"en_US\" \/>\n<meta property=\"og:type\" content=\"article\" \/>\n<meta property=\"og:title\" content=\"Teacher-researchers - Fondation ISAE-SUPAERO\" \/>\n<meta property=\"og:description\" content=\"Are you a teacher-researcher at ISAE-SUPAERO? You can submit an application for each scholarship and\/or award below. This will then be studied by the Foundation&#039;s Project Selection Committee (PSC).\" \/>\n<meta property=\"og:url\" content=\"https:\/\/fondation-isae-supaero.org\/en\/teacher-researchers\/\" \/>\n<meta property=\"og:site_name\" content=\"Fondation ISAE-SUPAERO\" \/>\n<meta property=\"article:modified_time\" content=\"2025-02-27T09:17:20+00:00\" \/>\n<meta name=\"twitter:card\" content=\"summary_large_image\" \/>\n<meta name=\"twitter:label1\" content=\"Est. reading time\" \/>\n\t<meta name=\"twitter:data1\" content=\"9 minutes\" \/>\n<script type=\"application\/ld+json\" class=\"yoast-schema-graph\">{\"@context\":\"https:\/\/schema.org\",\"@graph\":[{\"@type\":\"WebPage\",\"@id\":\"https:\/\/fondation-isae-supaero.org\/en\/teacher-researchers\/\",\"url\":\"https:\/\/fondation-isae-supaero.org\/en\/teacher-researchers\/\",\"name\":\"Teacher-researchers - Fondation ISAE-SUPAERO\",\"isPartOf\":{\"@id\":\"https:\/\/fondation-isae-supaero.org\/en\/#website\"},\"datePublished\":\"2022-03-18T06:44:30+00:00\",\"dateModified\":\"2025-02-27T09:17:20+00:00\",\"description\":\"Are you a teacher-researcher at ISAE-SUPAERO? You can submit an application for each scholarship and\/or award below. This will then be studied by the Foundation's Project Selection Committee (PSC).\",\"breadcrumb\":{\"@id\":\"https:\/\/fondation-isae-supaero.org\/en\/teacher-researchers\/#breadcrumb\"},\"inLanguage\":\"en-US\",\"potentialAction\":[{\"@type\":\"ReadAction\",\"target\":[\"https:\/\/fondation-isae-supaero.org\/en\/teacher-researchers\/\"]}]},{\"@type\":\"BreadcrumbList\",\"@id\":\"https:\/\/fondation-isae-supaero.org\/en\/teacher-researchers\/#breadcrumb\",\"itemListElement\":[{\"@type\":\"ListItem\",\"position\":1,\"name\":\"Accueil\",\"item\":\"https:\/\/fondation-isae-supaero.org\/en\/\"},{\"@type\":\"ListItem\",\"position\":2,\"name\":\"Teacher-researchers\"}]},{\"@type\":\"WebSite\",\"@id\":\"https:\/\/fondation-isae-supaero.org\/en\/#website\",\"url\":\"https:\/\/fondation-isae-supaero.org\/en\/\",\"name\":\"Fondation ISAE-SUPAERO\",\"description\":\"Pour le soutien de la recherche et l&#039;enseignement sup\u00e9rieur \u00e0 l&#039;Institut Sup\u00e9rieur de l&#039;A\u00e9ronautique et de l&#039;Espace\",\"publisher\":{\"@id\":\"https:\/\/fondation-isae-supaero.org\/en\/#organization\"},\"potentialAction\":[{\"@type\":\"SearchAction\",\"target\":{\"@type\":\"EntryPoint\",\"urlTemplate\":\"https:\/\/fondation-isae-supaero.org\/en\/?s={search_term_string}\"},\"query-input\":{\"@type\":\"PropertyValueSpecification\",\"valueRequired\":true,\"valueName\":\"search_term_string\"}}],\"inLanguage\":\"en-US\"},{\"@type\":\"Organization\",\"@id\":\"https:\/\/fondation-isae-supaero.org\/en\/#organization\",\"name\":\"Fondation ISAE Supaero\",\"url\":\"https:\/\/fondation-isae-supaero.org\/en\/\",\"logo\":{\"@type\":\"ImageObject\",\"inLanguage\":\"en-US\",\"@id\":\"https:\/\/fondation-isae-supaero.org\/en\/#\/schema\/logo\/image\/\",\"url\":\"https:\/\/fondation-isae-supaero.org\/wp-content\/uploads\/2022\/04\/logo-fondation-ras-293px.svg\",\"contentUrl\":\"https:\/\/fondation-isae-supaero.org\/wp-content\/uploads\/2022\/04\/logo-fondation-ras-293px.svg\",\"width\":294,\"height\":93,\"caption\":\"Fondation ISAE Supaero\"},\"image\":{\"@id\":\"https:\/\/fondation-isae-supaero.org\/en\/#\/schema\/logo\/image\/\"}}]}<\/script>\n<!-- \/ Yoast SEO plugin. -->","yoast_head_json":{"title":"Teacher-researchers - Fondation ISAE-SUPAERO","description":"Are you a teacher-researcher at ISAE-SUPAERO? You can submit an application for each scholarship and\/or award below. This will then be studied by the Foundation's Project Selection Committee (PSC).","robots":{"index":"index","follow":"follow","max-snippet":"max-snippet:-1","max-image-preview":"max-image-preview:large","max-video-preview":"max-video-preview:-1"},"canonical":"https:\/\/fondation-isae-supaero.org\/en\/teacher-researchers\/","og_locale":"en_US","og_type":"article","og_title":"Teacher-researchers - Fondation ISAE-SUPAERO","og_description":"Are you a teacher-researcher at ISAE-SUPAERO? You can submit an application for each scholarship and\/or award below. This will then be studied by the Foundation's Project Selection Committee (PSC).","og_url":"https:\/\/fondation-isae-supaero.org\/en\/teacher-researchers\/","og_site_name":"Fondation ISAE-SUPAERO","article_modified_time":"2025-02-27T09:17:20+00:00","twitter_card":"summary_large_image","twitter_misc":{"Est. reading time":"9 minutes"},"schema":{"@context":"https:\/\/schema.org","@graph":[{"@type":"WebPage","@id":"https:\/\/fondation-isae-supaero.org\/en\/teacher-researchers\/","url":"https:\/\/fondation-isae-supaero.org\/en\/teacher-researchers\/","name":"Teacher-researchers - Fondation ISAE-SUPAERO","isPartOf":{"@id":"https:\/\/fondation-isae-supaero.org\/en\/#website"},"datePublished":"2022-03-18T06:44:30+00:00","dateModified":"2025-02-27T09:17:20+00:00","description":"Are you a teacher-researcher at ISAE-SUPAERO? You can submit an application for each scholarship and\/or award below. This will then be studied by the Foundation's Project Selection Committee (PSC).","breadcrumb":{"@id":"https:\/\/fondation-isae-supaero.org\/en\/teacher-researchers\/#breadcrumb"},"inLanguage":"en-US","potentialAction":[{"@type":"ReadAction","target":["https:\/\/fondation-isae-supaero.org\/en\/teacher-researchers\/"]}]},{"@type":"BreadcrumbList","@id":"https:\/\/fondation-isae-supaero.org\/en\/teacher-researchers\/#breadcrumb","itemListElement":[{"@type":"ListItem","position":1,"name":"Accueil","item":"https:\/\/fondation-isae-supaero.org\/en\/"},{"@type":"ListItem","position":2,"name":"Teacher-researchers"}]},{"@type":"WebSite","@id":"https:\/\/fondation-isae-supaero.org\/en\/#website","url":"https:\/\/fondation-isae-supaero.org\/en\/","name":"Fondation ISAE-SUPAERO","description":"Pour le soutien de la recherche et l&#039;enseignement sup\u00e9rieur \u00e0 l&#039;Institut Sup\u00e9rieur de l&#039;A\u00e9ronautique et de l&#039;Espace","publisher":{"@id":"https:\/\/fondation-isae-supaero.org\/en\/#organization"},"potentialAction":[{"@type":"SearchAction","target":{"@type":"EntryPoint","urlTemplate":"https:\/\/fondation-isae-supaero.org\/en\/?s={search_term_string}"},"query-input":{"@type":"PropertyValueSpecification","valueRequired":true,"valueName":"search_term_string"}}],"inLanguage":"en-US"},{"@type":"Organization","@id":"https:\/\/fondation-isae-supaero.org\/en\/#organization","name":"Fondation ISAE Supaero","url":"https:\/\/fondation-isae-supaero.org\/en\/","logo":{"@type":"ImageObject","inLanguage":"en-US","@id":"https:\/\/fondation-isae-supaero.org\/en\/#\/schema\/logo\/image\/","url":"https:\/\/fondation-isae-supaero.org\/wp-content\/uploads\/2022\/04\/logo-fondation-ras-293px.svg","contentUrl":"https:\/\/fondation-isae-supaero.org\/wp-content\/uploads\/2022\/04\/logo-fondation-ras-293px.svg","width":294,"height":93,"caption":"Fondation ISAE Supaero"},"image":{"@id":"https:\/\/fondation-isae-supaero.org\/en\/#\/schema\/logo\/image\/"}}]}},"_links":{"self":[{"href":"https:\/\/fondation-isae-supaero.org\/en\/wp-json\/wp\/v2\/pages\/7845","targetHints":{"allow":["GET"]}}],"collection":[{"href":"https:\/\/fondation-isae-supaero.org\/en\/wp-json\/wp\/v2\/pages"}],"about":[{"href":"https:\/\/fondation-isae-supaero.org\/en\/wp-json\/wp\/v2\/types\/page"}],"author":[{"embeddable":true,"href":"https:\/\/fondation-isae-supaero.org\/en\/wp-json\/wp\/v2\/users\/1"}],"replies":[{"embeddable":true,"href":"https:\/\/fondation-isae-supaero.org\/en\/wp-json\/wp\/v2\/comments?post=7845"}],"version-history":[{"count":13,"href":"https:\/\/fondation-isae-supaero.org\/en\/wp-json\/wp\/v2\/pages\/7845\/revisions"}],"predecessor-version":[{"id":14127,"href":"https:\/\/fondation-isae-supaero.org\/en\/wp-json\/wp\/v2\/pages\/7845\/revisions\/14127"}],"wp:attachment":[{"href":"https:\/\/fondation-isae-supaero.org\/en\/wp-json\/wp\/v2\/media?parent=7845"}],"curies":[{"name":"wp","href":"https:\/\/api.w.org\/{rel}","templated":true}]}}