{"id":7937,"date":"2022-04-16T00:23:15","date_gmt":"2022-04-16T00:23:15","guid":{"rendered":"https:\/\/fondation-isae-supaero.org\/legal-information\/"},"modified":"2023-01-17T15:01:19","modified_gmt":"2023-01-17T15:01:19","slug":"legal-information","status":"publish","type":"page","link":"https:\/\/fondation-isae-supaero.org\/en\/legal-information\/","title":{"rendered":"Legal information"},"content":{"rendered":"<p>[et_pb_section fb_built=&#8221;1&#8243; custom_padding_last_edited=&#8221;on|phone&#8221; _builder_version=&#8221;4.14.8&#8243; _module_preset=&#8221;default&#8221; custom_padding=&#8221;6%||3%||false|false&#8221; custom_padding_tablet=&#8221;120px||22px||false|false&#8221; custom_padding_phone=&#8221;120px||7px||false|false&#8221; global_colors_info=&#8221;{}&#8221;][et_pb_row use_custom_gutter=&#8221;on&#8221; gutter_width=&#8221;1&#8243; make_equal=&#8221;on&#8221; _builder_version=&#8221;4.14.8&#8243; _module_preset=&#8221;default&#8221; custom_css_main_element=&#8221;align-items:center;&#8221; global_colors_info=&#8221;{}&#8221;][et_pb_column type=&#8221;4_4&#8243; _builder_version=&#8221;4.14.8&#8243; _module_preset=&#8221;default&#8221; custom_padding=&#8221;|0px|||false|false&#8221; custom_padding_tablet=&#8221;|0%|||false|false&#8221; custom_padding_phone=&#8221;|0%|||false|false&#8221; custom_padding_last_edited=&#8221;on|phone&#8221; global_colors_info=&#8221;{}&#8221;][et_pb_image src=&#8221;http:\/\/fondation-isae-supaero.org\/wp-content\/uploads\/2022\/03\/trait-jaune-titre.svg&#8221; _builder_version=&#8221;4.14.8&#8243; _module_preset=&#8221;default&#8221; custom_margin=&#8221;||10px||false|false&#8221; global_colors_info=&#8221;{}&#8221;][\/et_pb_image][et_pb_text _builder_version=&#8221;4.14.8&#8243; _module_preset=&#8221;default&#8221; header_font=&#8221;||||||||&#8221; header_font_size=&#8221;3.3em&#8221; header_letter_spacing=&#8221;-1px&#8221; header_line_height=&#8221;1.2em&#8221; custom_margin=&#8221;||17px|||&#8221; header_font_size_tablet=&#8221;2.9em&#8221; header_font_size_phone=&#8221;2.6em&#8221; header_font_size_last_edited=&#8221;on|tablet&#8221; global_colors_info=&#8221;{}&#8221;]<\/p>\n<h1>Legal notice and general conditions of use<\/h1>\n<p>[\/et_pb_text][\/et_pb_column][\/et_pb_row][\/et_pb_section][et_pb_section fb_built=&#8221;1&#8243; custom_padding_last_edited=&#8221;on|tablet&#8221; module_id=&#8221;actu&#8221; _builder_version=&#8221;4.14.8&#8243; _module_preset=&#8221;default&#8221; background_enable_color=&#8221;on&#8221; background_image=&#8221;http:\/\/fondation-isae-supaero.org\/wp-content\/uploads\/2022\/03\/pointilles.svg&#8221; background_size=&#8221;initial&#8221; background_repeat=&#8221;repeat-y&#8221; custom_margin=&#8221;2%||||false|false&#8221; custom_margin_tablet=&#8221;20px||||false|false&#8221; custom_margin_phone=&#8221;20px||||false|false&#8221; custom_margin_last_edited=&#8221;on|tablet&#8221; custom_padding=&#8221;0%||120px||false|false&#8221; custom_padding_tablet=&#8221;0px||100px||false|false&#8221; custom_padding_phone=&#8221;0px||100px||false|false&#8221; global_colors_info=&#8221;{}&#8221;][et_pb_row _builder_version=&#8221;4.14.8&#8243; _module_preset=&#8221;default&#8221; global_colors_info=&#8221;{}&#8221;][et_pb_column type=&#8221;4_4&#8243; _builder_version=&#8221;4.14.8&#8243; _module_preset=&#8221;default&#8221; global_colors_info=&#8221;{}&#8221;][et_pb_image src=&#8221;http:\/\/fondation-isae-supaero.org\/wp-content\/uploads\/2022\/03\/losange-blanc.svg&#8221; align=&#8221;center&#8221; _builder_version=&#8221;4.14.8&#8243; _module_preset=&#8221;default&#8221; custom_margin=&#8221;-39px||||false|false&#8221; custom_margin_tablet=&#8221;-39px||0px||false|false&#8221; custom_margin_phone=&#8221;-39px||0px||false|false&#8221; custom_margin_last_edited=&#8221;on|tablet&#8221; custom_padding_tablet=&#8221;||0px||false|false&#8221; custom_padding_phone=&#8221;||0px||false|false&#8221; custom_padding_last_edited=&#8221;on|tablet&#8221; global_colors_info=&#8221;{}&#8221;][\/et_pb_image][\/et_pb_column][\/et_pb_row][et_pb_row use_custom_gutter=&#8221;on&#8221; gutter_width=&#8221;1&#8243; _builder_version=&#8221;4.14.8&#8243; _module_preset=&#8221;default&#8221; custom_margin=&#8221;51px|auto||auto|false|false&#8221; custom_margin_tablet=&#8221;50px|auto||auto|false|false&#8221; custom_margin_phone=&#8221;50px|auto||auto|false|false&#8221; custom_margin_last_edited=&#8221;on|tablet&#8221; global_colors_info=&#8221;{}&#8221;][et_pb_column type=&#8221;4_4&#8243; _builder_version=&#8221;4.14.8&#8243; _module_preset=&#8221;default&#8221; custom_padding=&#8221;|0px|||false|false&#8221; custom_padding_tablet=&#8221;|0%|||false|false&#8221; custom_padding_phone=&#8221;|0%|||false|false&#8221; custom_padding_last_edited=&#8221;on|tablet&#8221; sticky_limit_bottom=&#8221;section&#8221; sticky_position_tablet=&#8221;none&#8221; sticky_position_phone=&#8221;none&#8221; sticky_position_last_edited=&#8221;on|tablet&#8221; border_color_right=&#8221;gcid-cbcef012-862c-4867-889e-8f8aada6e9fa&#8221; border_width_right_tablet=&#8221;0px&#8221; border_width_right_phone=&#8221;0px&#8221; border_width_right_last_edited=&#8221;on|tablet&#8221; global_colors_info=&#8221;{%22gcid-cbcef012-862c-4867-889e-8f8aada6e9fa%22:%91%22border_color_right%22%93}&#8221;][et_pb_text content_last_edited=&#8221;off|desktop&#8221; _builder_version=&#8221;4.14.8&#8243; _module_preset=&#8221;default&#8221; link_text_color=&#8221;gcid-e7796924-c5e5-4680-bc39-a63ddcdeea33&#8243; hover_enabled=&#8221;0&#8243; global_colors_info=&#8221;{%22gcid-e7796924-c5e5-4680-bc39-a63ddcdeea33%22:%91%22link_text_color%22%93}&#8221; sticky_enabled=&#8221;0&#8243;]<\/p>\n<p>The &#8221; ISAE-SUPAERO Foundation &#8221; site and all its components are the property of the ISAE-SUPAERO Foundation, which is recognized as being of public utility.<\/p>\n<h2>Contact details of the ISAE-SUPAERO Foundation<\/h2>\n<p><strong>Head office<\/strong>: 10 avenue Edouard Belin &#8211; BP 54032 31055 Toulouse Cedex 4<br \/><strong>Phone<\/strong> 05 61 33 83 12<br \/>Email <strong>address<\/strong>: contact@fondation-isae-supaero.org<\/p>\n<p><strong>Director of the publication<\/strong>: Agn\u00e8s Trincal, as Director of Development of the ISAE-SUPAERO Foundation<br \/><strong>Hosting<\/strong>: Hostinger<\/p>\n<p><strong>Design and Development<\/strong>: <a href=\"https:\/\/kwalt-digital.com\/\" target=\"_blank\" rel=\"noopener\">KWALT Digital<\/a> | <a href=\"mailto:contact@kwalt-digital.com\">contact@kwalt-digital.com<\/a><\/p>\n<h2>Responsibility<\/h2>\n<p>The user acknowledges having read the present legal notice and undertakes to respect it.<br \/>The ISAE-SUPAERO Foundation cannot be held responsible for the content of the sites proposed as links, nor for the content of sites proposing a link to the ISAE-SUPAERO Foundation site.<br \/>The ISAE-SUPAERO Foundation makes every effort to provide each user with available and verified information and\/or tools. Nevertheless, the Fondation ISAE-SUPAERO cannot be held responsible in any way for the content of the information on this site or for the consequences that may result from its use or interpretation.<\/p>\n<h2>Protection and image rights<\/h2>\n<p>Unless otherwise specified, the layout, visuals and contents of this site (including texts, photographs, drawings, diagrams, trademarks and logos) are works protected by intellectual property law and belong to the ISAE-SUPAERO Foundation and\/or to ISAE-SUPAERO. Thus, and subject to the provisions of the intellectual property code, these layouts, visuals and contents may not be used, even partially, modified, adapted, represented, incorporated or translated without the prior written authorization of the ISAE-SUPAERO Foundation, and this throughout the world. Any use without this prior authorization constitutes a civil and criminal offence, and will be prosecuted.<\/p>\n<h2>Protection of personal data<\/h2>\n<p>The ISAE-SUPAERO Foundation is responsible for the processing of personal data that it implements in order to manage its activities.<br \/>To learn more about the management of your data and your rights, you are invited to read our <a href=\"https:\/\/fondation-isae-supaero.org\/en\/privacy-policy\/\">data protection<\/a> policy.<br \/>To exercise your rights, in accordance with the law, you can contact the Director of Publication and Development of the Foundation: <a href=\"https:\/\/fondation-isae-supaero.org\/en\/contact-us\/\">Agn\u00e8s Trincal<\/a><\/p>\n<h2>Credits and copyrights<\/h2>\n<p>This website is a creative work, exclusive property of the ISAE-SUPAERO Foundation, protected by French and international legislation and intellectual property law.<br \/>Any total or partial reproduction of its trademarks or logos made from elements of the site without the express authorization of the ISAE-SUPAERO Foundation is therefore prohibited, within the meaning of Article L.713-2 of the Intellectual Property Code.<br \/>Any dispute relating to the use of the ISAE-SUPAERO Foundation site is subject to French law and to the jurisdiction of the competent French courts. The brands and logos appearing on the site are semi-figurative or not and are registered.<\/p>\n<p><strong>Photo credits<\/strong>: ISAE-SUPAERO Foundation, ISAE-SUPAERO, Aude Lemarchand<\/p>\n<p>[\/et_pb_text][\/et_pb_column][\/et_pb_row][\/et_pb_section]<\/p>\n","protected":false},"excerpt":{"rendered":"<p>Legal notice and general conditions of useThe &#8221; ISAE-SUPAERO Foundation &#8221; site and all its components are the property of the ISAE-SUPAERO Foundation, which is recognized as being of public utility. Contact details of the ISAE-SUPAERO Foundation Head office: 10 avenue Edouard Belin &#8211; BP 54032 31055 Toulouse Cedex 4Phone 05 61 33 83 12Email [&hellip;]<\/p>\n","protected":false},"author":1,"featured_media":0,"parent":0,"menu_order":0,"comment_status":"closed","ping_status":"closed","template":"","meta":{"_acf_changed":false,"_et_pb_use_builder":"on","_et_pb_old_content":"","_et_gb_content_width":"","footnotes":""},"class_list":["post-7937","page","type-page","status-publish","hentry"],"acf":[],"yoast_head":"<!-- This site is optimized with the Yoast SEO plugin v26.6 - https:\/\/yoast.com\/wordpress\/plugins\/seo\/ -->\n<title>Legal information - Fondation ISAE-SUPAERO<\/title>\n<meta name=\"description\" content=\"Find the legal mentions of the ISAE-SUPAERO Foundation, recognized of public utility since 2008.\" \/>\n<meta name=\"robots\" content=\"index, follow, max-snippet:-1, max-image-preview:large, max-video-preview:-1\" \/>\n<link rel=\"canonical\" href=\"https:\/\/fondation-isae-supaero.org\/en\/legal-information\/\" \/>\n<meta property=\"og:locale\" content=\"en_US\" \/>\n<meta property=\"og:type\" content=\"article\" \/>\n<meta property=\"og:title\" content=\"Legal information - Fondation ISAE-SUPAERO\" \/>\n<meta property=\"og:description\" content=\"Find the legal mentions of the ISAE-SUPAERO Foundation, recognized of public utility since 2008.\" \/>\n<meta property=\"og:url\" content=\"https:\/\/fondation-isae-supaero.org\/en\/legal-information\/\" \/>\n<meta property=\"og:site_name\" content=\"Fondation ISAE-SUPAERO\" \/>\n<meta property=\"article:modified_time\" content=\"2023-01-17T15:01:19+00:00\" \/>\n<meta name=\"twitter:card\" content=\"summary_large_image\" \/>\n<meta name=\"twitter:label1\" content=\"Est. reading time\" \/>\n\t<meta name=\"twitter:data1\" content=\"5 minutes\" \/>\n<script type=\"application\/ld+json\" class=\"yoast-schema-graph\">{\"@context\":\"https:\/\/schema.org\",\"@graph\":[{\"@type\":\"WebPage\",\"@id\":\"https:\/\/fondation-isae-supaero.org\/en\/legal-information\/\",\"url\":\"https:\/\/fondation-isae-supaero.org\/en\/legal-information\/\",\"name\":\"Legal information - Fondation ISAE-SUPAERO\",\"isPartOf\":{\"@id\":\"https:\/\/fondation-isae-supaero.org\/en\/#website\"},\"datePublished\":\"2022-04-16T00:23:15+00:00\",\"dateModified\":\"2023-01-17T15:01:19+00:00\",\"description\":\"Find the legal mentions of the ISAE-SUPAERO Foundation, recognized of public utility since 2008.\",\"breadcrumb\":{\"@id\":\"https:\/\/fondation-isae-supaero.org\/en\/legal-information\/#breadcrumb\"},\"inLanguage\":\"en-US\",\"potentialAction\":[{\"@type\":\"ReadAction\",\"target\":[\"https:\/\/fondation-isae-supaero.org\/en\/legal-information\/\"]}]},{\"@type\":\"BreadcrumbList\",\"@id\":\"https:\/\/fondation-isae-supaero.org\/en\/legal-information\/#breadcrumb\",\"itemListElement\":[{\"@type\":\"ListItem\",\"position\":1,\"name\":\"Accueil\",\"item\":\"https:\/\/fondation-isae-supaero.org\/en\/\"},{\"@type\":\"ListItem\",\"position\":2,\"name\":\"Legal information\"}]},{\"@type\":\"WebSite\",\"@id\":\"https:\/\/fondation-isae-supaero.org\/en\/#website\",\"url\":\"https:\/\/fondation-isae-supaero.org\/en\/\",\"name\":\"Fondation ISAE-SUPAERO\",\"description\":\"Pour le soutien de la recherche et l&#039;enseignement sup\u00e9rieur \u00e0 l&#039;Institut Sup\u00e9rieur de l&#039;A\u00e9ronautique et de l&#039;Espace\",\"publisher\":{\"@id\":\"https:\/\/fondation-isae-supaero.org\/en\/#organization\"},\"potentialAction\":[{\"@type\":\"SearchAction\",\"target\":{\"@type\":\"EntryPoint\",\"urlTemplate\":\"https:\/\/fondation-isae-supaero.org\/en\/?s={search_term_string}\"},\"query-input\":{\"@type\":\"PropertyValueSpecification\",\"valueRequired\":true,\"valueName\":\"search_term_string\"}}],\"inLanguage\":\"en-US\"},{\"@type\":\"Organization\",\"@id\":\"https:\/\/fondation-isae-supaero.org\/en\/#organization\",\"name\":\"Fondation ISAE Supaero\",\"url\":\"https:\/\/fondation-isae-supaero.org\/en\/\",\"logo\":{\"@type\":\"ImageObject\",\"inLanguage\":\"en-US\",\"@id\":\"https:\/\/fondation-isae-supaero.org\/en\/#\/schema\/logo\/image\/\",\"url\":\"https:\/\/fondation-isae-supaero.org\/wp-content\/uploads\/2022\/04\/logo-fondation-ras-293px.svg\",\"contentUrl\":\"https:\/\/fondation-isae-supaero.org\/wp-content\/uploads\/2022\/04\/logo-fondation-ras-293px.svg\",\"width\":294,\"height\":93,\"caption\":\"Fondation ISAE Supaero\"},\"image\":{\"@id\":\"https:\/\/fondation-isae-supaero.org\/en\/#\/schema\/logo\/image\/\"}}]}<\/script>\n<!-- \/ Yoast SEO plugin. -->","yoast_head_json":{"title":"Legal information - Fondation ISAE-SUPAERO","description":"Find the legal mentions of the ISAE-SUPAERO Foundation, recognized of public utility since 2008.","robots":{"index":"index","follow":"follow","max-snippet":"max-snippet:-1","max-image-preview":"max-image-preview:large","max-video-preview":"max-video-preview:-1"},"canonical":"https:\/\/fondation-isae-supaero.org\/en\/legal-information\/","og_locale":"en_US","og_type":"article","og_title":"Legal information - Fondation ISAE-SUPAERO","og_description":"Find the legal mentions of the ISAE-SUPAERO Foundation, recognized of public utility since 2008.","og_url":"https:\/\/fondation-isae-supaero.org\/en\/legal-information\/","og_site_name":"Fondation ISAE-SUPAERO","article_modified_time":"2023-01-17T15:01:19+00:00","twitter_card":"summary_large_image","twitter_misc":{"Est. reading time":"5 minutes"},"schema":{"@context":"https:\/\/schema.org","@graph":[{"@type":"WebPage","@id":"https:\/\/fondation-isae-supaero.org\/en\/legal-information\/","url":"https:\/\/fondation-isae-supaero.org\/en\/legal-information\/","name":"Legal information - Fondation ISAE-SUPAERO","isPartOf":{"@id":"https:\/\/fondation-isae-supaero.org\/en\/#website"},"datePublished":"2022-04-16T00:23:15+00:00","dateModified":"2023-01-17T15:01:19+00:00","description":"Find the legal mentions of the ISAE-SUPAERO Foundation, recognized of public utility since 2008.","breadcrumb":{"@id":"https:\/\/fondation-isae-supaero.org\/en\/legal-information\/#breadcrumb"},"inLanguage":"en-US","potentialAction":[{"@type":"ReadAction","target":["https:\/\/fondation-isae-supaero.org\/en\/legal-information\/"]}]},{"@type":"BreadcrumbList","@id":"https:\/\/fondation-isae-supaero.org\/en\/legal-information\/#breadcrumb","itemListElement":[{"@type":"ListItem","position":1,"name":"Accueil","item":"https:\/\/fondation-isae-supaero.org\/en\/"},{"@type":"ListItem","position":2,"name":"Legal information"}]},{"@type":"WebSite","@id":"https:\/\/fondation-isae-supaero.org\/en\/#website","url":"https:\/\/fondation-isae-supaero.org\/en\/","name":"Fondation ISAE-SUPAERO","description":"Pour le soutien de la recherche et l&#039;enseignement sup\u00e9rieur \u00e0 l&#039;Institut Sup\u00e9rieur de l&#039;A\u00e9ronautique et de l&#039;Espace","publisher":{"@id":"https:\/\/fondation-isae-supaero.org\/en\/#organization"},"potentialAction":[{"@type":"SearchAction","target":{"@type":"EntryPoint","urlTemplate":"https:\/\/fondation-isae-supaero.org\/en\/?s={search_term_string}"},"query-input":{"@type":"PropertyValueSpecification","valueRequired":true,"valueName":"search_term_string"}}],"inLanguage":"en-US"},{"@type":"Organization","@id":"https:\/\/fondation-isae-supaero.org\/en\/#organization","name":"Fondation ISAE Supaero","url":"https:\/\/fondation-isae-supaero.org\/en\/","logo":{"@type":"ImageObject","inLanguage":"en-US","@id":"https:\/\/fondation-isae-supaero.org\/en\/#\/schema\/logo\/image\/","url":"https:\/\/fondation-isae-supaero.org\/wp-content\/uploads\/2022\/04\/logo-fondation-ras-293px.svg","contentUrl":"https:\/\/fondation-isae-supaero.org\/wp-content\/uploads\/2022\/04\/logo-fondation-ras-293px.svg","width":294,"height":93,"caption":"Fondation ISAE Supaero"},"image":{"@id":"https:\/\/fondation-isae-supaero.org\/en\/#\/schema\/logo\/image\/"}}]}},"_links":{"self":[{"href":"https:\/\/fondation-isae-supaero.org\/en\/wp-json\/wp\/v2\/pages\/7937","targetHints":{"allow":["GET"]}}],"collection":[{"href":"https:\/\/fondation-isae-supaero.org\/en\/wp-json\/wp\/v2\/pages"}],"about":[{"href":"https:\/\/fondation-isae-supaero.org\/en\/wp-json\/wp\/v2\/types\/page"}],"author":[{"embeddable":true,"href":"https:\/\/fondation-isae-supaero.org\/en\/wp-json\/wp\/v2\/users\/1"}],"replies":[{"embeddable":true,"href":"https:\/\/fondation-isae-supaero.org\/en\/wp-json\/wp\/v2\/comments?post=7937"}],"version-history":[{"count":4,"href":"https:\/\/fondation-isae-supaero.org\/en\/wp-json\/wp\/v2\/pages\/7937\/revisions"}],"predecessor-version":[{"id":9372,"href":"https:\/\/fondation-isae-supaero.org\/en\/wp-json\/wp\/v2\/pages\/7937\/revisions\/9372"}],"wp:attachment":[{"href":"https:\/\/fondation-isae-supaero.org\/en\/wp-json\/wp\/v2\/media?parent=7937"}],"curies":[{"name":"wp","href":"https:\/\/api.w.org\/{rel}","templated":true}]}}