{"id":7984,"date":"2022-04-27T11:02:43","date_gmt":"2022-04-27T11:02:43","guid":{"rendered":"https:\/\/fondation-isae-supaero.org\/jules-verne-circle\/"},"modified":"2025-07-15T14:09:52","modified_gmt":"2025-07-15T14:09:52","slug":"jules-verne-circle","status":"publish","type":"page","link":"https:\/\/fondation-isae-supaero.org\/en\/jules-verne-circle\/","title":{"rendered":"Jules Verne Circle"},"content":{"rendered":"<p>[et_pb_section fb_built=&#8221;1&#8243; custom_padding_last_edited=&#8221;on|tablet&#8221; _builder_version=&#8221;4.16&#8243; _module_preset=&#8221;default&#8221; custom_padding=&#8221;6%||6%||true|false&#8221; custom_padding_tablet=&#8221;120px||60px||false|false&#8221; custom_padding_phone=&#8221;120px||50px||false|false&#8221; global_colors_info=&#8221;{}&#8221;][et_pb_row column_structure=&#8221;1_2,1_2&#8243; use_custom_gutter=&#8221;on&#8221; gutter_width=&#8221;1&#8243; make_equal=&#8221;on&#8221; _builder_version=&#8221;4.16&#8243; _module_preset=&#8221;default&#8221; custom_css_main_element=&#8221;align-items:center;&#8221; global_colors_info=&#8221;{}&#8221;][et_pb_column type=&#8221;1_2&#8243; _builder_version=&#8221;4.16&#8243; _module_preset=&#8221;default&#8221; custom_padding=&#8221;|8%|||false|false&#8221; custom_padding_tablet=&#8221;|0%|||false|false&#8221; custom_padding_phone=&#8221;|0%|||false|false&#8221; custom_padding_last_edited=&#8221;on|tablet&#8221; global_colors_info=&#8221;{}&#8221;][et_pb_image src=&#8221;http:\/\/fondation-isae-supaero.org\/wp-content\/uploads\/2022\/03\/trait-jaune-titre.svg&#8221; _builder_version=&#8221;4.16&#8243; _module_preset=&#8221;default&#8221; custom_margin=&#8221;||10px||false|false&#8221; global_colors_info=&#8221;{}&#8221;][\/et_pb_image][et_pb_text _builder_version=&#8221;4.16&#8243; _module_preset=&#8221;default&#8221; header_font=&#8221;||||||||&#8221; header_font_size=&#8221;3.3em&#8221; header_letter_spacing=&#8221;-1px&#8221; custom_margin=&#8221;||17px|||&#8221; header_font_size_tablet=&#8221;3.3em&#8221; header_font_size_phone=&#8221;3.1em&#8221; header_font_size_last_edited=&#8221;on|phone&#8221; global_colors_info=&#8221;{}&#8221;]<\/p>\n<h1>Jules Verne Circle<\/h1>\n<p>[\/et_pb_text][et_pb_text _builder_version=&#8221;4.16&#8243; _module_preset=&#8221;default&#8221; max_width=&#8221;450px&#8221; max_width_tablet=&#8221;100%&#8221; max_width_phone=&#8221;100%&#8221; max_width_last_edited=&#8221;on|tablet&#8221; module_alignment=&#8221;left&#8221; custom_margin=&#8221;||32px|||&#8221; global_colors_info=&#8221;{}&#8221;]<\/p>\n<p>French writer considered as an awakener of curiosity for his readers, Jules Verne (1825-1905) showed in his novels, a striking scientific realism and a surprising anticipation of the aerospace world. He highlighted the dream of conquering space and the sky buried deep within man as can be seen in his books From the Earth to the Moon and Around the Moon.<\/p>\n<p>[\/et_pb_text][\/et_pb_column][et_pb_column type=&#8221;1_2&#8243; _builder_version=&#8221;4.16&#8243; _module_preset=&#8221;default&#8221; global_colors_info=&#8221;{}&#8221;][et_pb_image src=&#8221;http:\/\/fondation-isae-supaero.org\/wp-content\/uploads\/2022\/04\/cercle_jules_verne.jpg&#8221; align=&#8221;right&#8221; force_fullwidth=&#8221;on&#8221; align_tablet=&#8221;left&#8221; align_phone=&#8221;left&#8221; align_last_edited=&#8221;on|tablet&#8221; module_class=&#8221;left-t&#8221; _builder_version=&#8221;4.16&#8243; _module_preset=&#8221;default&#8221; background_enable_image=&#8221;off&#8221; background_size=&#8221;initial&#8221; background_position=&#8221;top_left&#8221; z_index=&#8221;0&#8243; custom_margin=&#8221;||||false|false&#8221; custom_margin_tablet=&#8221;20px||||false|false&#8221; custom_margin_phone=&#8221;20px||||false|false&#8221; custom_margin_last_edited=&#8221;on|tablet&#8221; global_colors_info=&#8221;{}&#8221;][\/et_pb_image][\/et_pb_column][\/et_pb_row][\/et_pb_section][et_pb_section fb_built=&#8221;1&#8243; custom_padding_last_edited=&#8221;on|desktop&#8221; _builder_version=&#8221;4.16&#8243; _module_preset=&#8221;default&#8221; background_image=&#8221;http:\/\/fondation-isae-supaero.org\/wp-content\/uploads\/2022\/03\/pointilles.svg&#8221; background_size=&#8221;initial&#8221; custom_padding=&#8221;0%||7%||false|false&#8221; custom_padding_tablet=&#8221;||80px||false|false&#8221; custom_padding_phone=&#8221;||80px||false|false&#8221; global_colors_info=&#8221;{}&#8221;][et_pb_row _builder_version=&#8221;4.16&#8243; _module_preset=&#8221;default&#8221; global_colors_info=&#8221;{}&#8221;][et_pb_column type=&#8221;4_4&#8243; _builder_version=&#8221;4.16&#8243; _module_preset=&#8221;default&#8221; global_colors_info=&#8221;{}&#8221;][et_pb_text _builder_version=&#8221;4.16&#8243; _module_preset=&#8221;default&#8221; text_font=&#8221;|800|||||||&#8221; global_colors_info=&#8221;{}&#8221;]<\/p>\n<p>* Donor Friends Of ISAE<\/p>\n<p>[\/et_pb_text][\/et_pb_column][\/et_pb_row][et_pb_row column_structure=&#8221;1_2,1_2&#8243; _builder_version=&#8221;4.16&#8243; _module_preset=&#8221;default&#8221; custom_margin=&#8221;50px||||false|false&#8221; global_colors_info=&#8221;{}&#8221;][et_pb_column type=&#8221;1_2&#8243; _builder_version=&#8221;4.16&#8243; _module_preset=&#8221;default&#8221; global_colors_info=&#8221;{}&#8221;][et_pb_text _builder_version=&#8221;4.16&#8243; _module_preset=&#8221;default&#8221; global_colors_info=&#8221;{}&#8221;]<\/p>\n<h2>Honorary member of the Cercle Jules Verne<\/h2>\n<p>Jean LAMY &#8211; S 1971 <span>\u00a0\u221e<\/span><\/p>\n<p>[\/et_pb_text][\/et_pb_column][et_pb_column type=&#8221;1_2&#8243; _builder_version=&#8221;4.16&#8243; _module_preset=&#8221;default&#8221; global_colors_info=&#8221;{}&#8221;][et_pb_text _builder_version=&#8221;4.16&#8243; _module_preset=&#8221;default&#8221; global_colors_info=&#8221;{}&#8221;]<\/p>\n<h2>Benefactors of the Cercle Jules Verne<\/h2>\n<p>Alain BERNARD &#8211; S 1972<br \/>Etienne DEFFARGES &#8211; S 1979 *<br \/>Gilles GUILLON &#8211; S 1997 *<br \/>Olivier ZARROUATI &#8211; S 1982<br \/>Class of 1982<\/p>\n<p>[\/et_pb_text][\/et_pb_column][\/et_pb_row][\/et_pb_section]<\/p>\n","protected":false},"excerpt":{"rendered":"<p>Jules Verne CircleFrench writer considered as an awakener of curiosity for his readers, Jules Verne (1825-1905) showed in his novels, a striking scientific realism and a surprising anticipation of the aerospace world. He highlighted the dream of conquering space and the sky buried deep within man as can be seen in his books From the [&hellip;]<\/p>\n","protected":false},"author":1,"featured_media":0,"parent":0,"menu_order":0,"comment_status":"closed","ping_status":"closed","template":"","meta":{"_acf_changed":false,"_et_pb_use_builder":"on","_et_pb_old_content":"","_et_gb_content_width":"","footnotes":""},"class_list":["post-7984","page","type-page","status-publish","hentry"],"acf":[],"yoast_head":"<!-- This site is optimized with the Yoast SEO plugin v26.6 - https:\/\/yoast.com\/wordpress\/plugins\/seo\/ -->\n<title>Jules Verne Circle - Fondation ISAE-SUPAERO<\/title>\n<meta name=\"description\" content=\"French writer considered as an awakener of curiosity for his readers, Jules Verne (1825-1905) showed in his novels, a striking scientific realism and a surprising anticipation of the aerospace world.\" \/>\n<meta name=\"robots\" content=\"index, follow, max-snippet:-1, max-image-preview:large, max-video-preview:-1\" \/>\n<link rel=\"canonical\" href=\"https:\/\/fondation-isae-supaero.org\/en\/jules-verne-circle\/\" \/>\n<meta property=\"og:locale\" content=\"en_US\" \/>\n<meta property=\"og:type\" content=\"article\" \/>\n<meta property=\"og:title\" content=\"Jules Verne Circle - Fondation ISAE-SUPAERO\" \/>\n<meta property=\"og:description\" content=\"French writer considered as an awakener of curiosity for his readers, Jules Verne (1825-1905) showed in his novels, a striking scientific realism and a surprising anticipation of the aerospace world.\" \/>\n<meta property=\"og:url\" content=\"https:\/\/fondation-isae-supaero.org\/en\/jules-verne-circle\/\" \/>\n<meta property=\"og:site_name\" content=\"Fondation ISAE-SUPAERO\" \/>\n<meta property=\"article:modified_time\" content=\"2025-07-15T14:09:52+00:00\" \/>\n<meta name=\"twitter:card\" content=\"summary_large_image\" \/>\n<meta name=\"twitter:label1\" content=\"Est. reading time\" \/>\n\t<meta name=\"twitter:data1\" content=\"3 minutes\" \/>\n<script type=\"application\/ld+json\" class=\"yoast-schema-graph\">{\"@context\":\"https:\/\/schema.org\",\"@graph\":[{\"@type\":\"WebPage\",\"@id\":\"https:\/\/fondation-isae-supaero.org\/en\/jules-verne-circle\/\",\"url\":\"https:\/\/fondation-isae-supaero.org\/en\/jules-verne-circle\/\",\"name\":\"Jules Verne Circle - Fondation ISAE-SUPAERO\",\"isPartOf\":{\"@id\":\"https:\/\/fondation-isae-supaero.org\/en\/#website\"},\"datePublished\":\"2022-04-27T11:02:43+00:00\",\"dateModified\":\"2025-07-15T14:09:52+00:00\",\"description\":\"French writer considered as an awakener of curiosity for his readers, Jules Verne (1825-1905) showed in his novels, a striking scientific realism and a surprising anticipation of the aerospace world.\",\"breadcrumb\":{\"@id\":\"https:\/\/fondation-isae-supaero.org\/en\/jules-verne-circle\/#breadcrumb\"},\"inLanguage\":\"en-US\",\"potentialAction\":[{\"@type\":\"ReadAction\",\"target\":[\"https:\/\/fondation-isae-supaero.org\/en\/jules-verne-circle\/\"]}]},{\"@type\":\"BreadcrumbList\",\"@id\":\"https:\/\/fondation-isae-supaero.org\/en\/jules-verne-circle\/#breadcrumb\",\"itemListElement\":[{\"@type\":\"ListItem\",\"position\":1,\"name\":\"Accueil\",\"item\":\"https:\/\/fondation-isae-supaero.org\/en\/\"},{\"@type\":\"ListItem\",\"position\":2,\"name\":\"Jules Verne Circle\"}]},{\"@type\":\"WebSite\",\"@id\":\"https:\/\/fondation-isae-supaero.org\/en\/#website\",\"url\":\"https:\/\/fondation-isae-supaero.org\/en\/\",\"name\":\"Fondation ISAE-SUPAERO\",\"description\":\"Pour le soutien de la recherche et l&#039;enseignement sup\u00e9rieur \u00e0 l&#039;Institut Sup\u00e9rieur de l&#039;A\u00e9ronautique et de l&#039;Espace\",\"publisher\":{\"@id\":\"https:\/\/fondation-isae-supaero.org\/en\/#organization\"},\"potentialAction\":[{\"@type\":\"SearchAction\",\"target\":{\"@type\":\"EntryPoint\",\"urlTemplate\":\"https:\/\/fondation-isae-supaero.org\/en\/?s={search_term_string}\"},\"query-input\":{\"@type\":\"PropertyValueSpecification\",\"valueRequired\":true,\"valueName\":\"search_term_string\"}}],\"inLanguage\":\"en-US\"},{\"@type\":\"Organization\",\"@id\":\"https:\/\/fondation-isae-supaero.org\/en\/#organization\",\"name\":\"Fondation ISAE Supaero\",\"url\":\"https:\/\/fondation-isae-supaero.org\/en\/\",\"logo\":{\"@type\":\"ImageObject\",\"inLanguage\":\"en-US\",\"@id\":\"https:\/\/fondation-isae-supaero.org\/en\/#\/schema\/logo\/image\/\",\"url\":\"https:\/\/fondation-isae-supaero.org\/wp-content\/uploads\/2022\/04\/logo-fondation-ras-293px.svg\",\"contentUrl\":\"https:\/\/fondation-isae-supaero.org\/wp-content\/uploads\/2022\/04\/logo-fondation-ras-293px.svg\",\"width\":294,\"height\":93,\"caption\":\"Fondation ISAE Supaero\"},\"image\":{\"@id\":\"https:\/\/fondation-isae-supaero.org\/en\/#\/schema\/logo\/image\/\"}}]}<\/script>\n<!-- \/ Yoast SEO plugin. -->","yoast_head_json":{"title":"Jules Verne Circle - Fondation ISAE-SUPAERO","description":"French writer considered as an awakener of curiosity for his readers, Jules Verne (1825-1905) showed in his novels, a striking scientific realism and a surprising anticipation of the aerospace world.","robots":{"index":"index","follow":"follow","max-snippet":"max-snippet:-1","max-image-preview":"max-image-preview:large","max-video-preview":"max-video-preview:-1"},"canonical":"https:\/\/fondation-isae-supaero.org\/en\/jules-verne-circle\/","og_locale":"en_US","og_type":"article","og_title":"Jules Verne Circle - Fondation ISAE-SUPAERO","og_description":"French writer considered as an awakener of curiosity for his readers, Jules Verne (1825-1905) showed in his novels, a striking scientific realism and a surprising anticipation of the aerospace world.","og_url":"https:\/\/fondation-isae-supaero.org\/en\/jules-verne-circle\/","og_site_name":"Fondation ISAE-SUPAERO","article_modified_time":"2025-07-15T14:09:52+00:00","twitter_card":"summary_large_image","twitter_misc":{"Est. reading time":"3 minutes"},"schema":{"@context":"https:\/\/schema.org","@graph":[{"@type":"WebPage","@id":"https:\/\/fondation-isae-supaero.org\/en\/jules-verne-circle\/","url":"https:\/\/fondation-isae-supaero.org\/en\/jules-verne-circle\/","name":"Jules Verne Circle - Fondation ISAE-SUPAERO","isPartOf":{"@id":"https:\/\/fondation-isae-supaero.org\/en\/#website"},"datePublished":"2022-04-27T11:02:43+00:00","dateModified":"2025-07-15T14:09:52+00:00","description":"French writer considered as an awakener of curiosity for his readers, Jules Verne (1825-1905) showed in his novels, a striking scientific realism and a surprising anticipation of the aerospace world.","breadcrumb":{"@id":"https:\/\/fondation-isae-supaero.org\/en\/jules-verne-circle\/#breadcrumb"},"inLanguage":"en-US","potentialAction":[{"@type":"ReadAction","target":["https:\/\/fondation-isae-supaero.org\/en\/jules-verne-circle\/"]}]},{"@type":"BreadcrumbList","@id":"https:\/\/fondation-isae-supaero.org\/en\/jules-verne-circle\/#breadcrumb","itemListElement":[{"@type":"ListItem","position":1,"name":"Accueil","item":"https:\/\/fondation-isae-supaero.org\/en\/"},{"@type":"ListItem","position":2,"name":"Jules Verne Circle"}]},{"@type":"WebSite","@id":"https:\/\/fondation-isae-supaero.org\/en\/#website","url":"https:\/\/fondation-isae-supaero.org\/en\/","name":"Fondation ISAE-SUPAERO","description":"Pour le soutien de la recherche et l&#039;enseignement sup\u00e9rieur \u00e0 l&#039;Institut Sup\u00e9rieur de l&#039;A\u00e9ronautique et de l&#039;Espace","publisher":{"@id":"https:\/\/fondation-isae-supaero.org\/en\/#organization"},"potentialAction":[{"@type":"SearchAction","target":{"@type":"EntryPoint","urlTemplate":"https:\/\/fondation-isae-supaero.org\/en\/?s={search_term_string}"},"query-input":{"@type":"PropertyValueSpecification","valueRequired":true,"valueName":"search_term_string"}}],"inLanguage":"en-US"},{"@type":"Organization","@id":"https:\/\/fondation-isae-supaero.org\/en\/#organization","name":"Fondation ISAE Supaero","url":"https:\/\/fondation-isae-supaero.org\/en\/","logo":{"@type":"ImageObject","inLanguage":"en-US","@id":"https:\/\/fondation-isae-supaero.org\/en\/#\/schema\/logo\/image\/","url":"https:\/\/fondation-isae-supaero.org\/wp-content\/uploads\/2022\/04\/logo-fondation-ras-293px.svg","contentUrl":"https:\/\/fondation-isae-supaero.org\/wp-content\/uploads\/2022\/04\/logo-fondation-ras-293px.svg","width":294,"height":93,"caption":"Fondation ISAE Supaero"},"image":{"@id":"https:\/\/fondation-isae-supaero.org\/en\/#\/schema\/logo\/image\/"}}]}},"_links":{"self":[{"href":"https:\/\/fondation-isae-supaero.org\/en\/wp-json\/wp\/v2\/pages\/7984","targetHints":{"allow":["GET"]}}],"collection":[{"href":"https:\/\/fondation-isae-supaero.org\/en\/wp-json\/wp\/v2\/pages"}],"about":[{"href":"https:\/\/fondation-isae-supaero.org\/en\/wp-json\/wp\/v2\/types\/page"}],"author":[{"embeddable":true,"href":"https:\/\/fondation-isae-supaero.org\/en\/wp-json\/wp\/v2\/users\/1"}],"replies":[{"embeddable":true,"href":"https:\/\/fondation-isae-supaero.org\/en\/wp-json\/wp\/v2\/comments?post=7984"}],"version-history":[{"count":4,"href":"https:\/\/fondation-isae-supaero.org\/en\/wp-json\/wp\/v2\/pages\/7984\/revisions"}],"predecessor-version":[{"id":14913,"href":"https:\/\/fondation-isae-supaero.org\/en\/wp-json\/wp\/v2\/pages\/7984\/revisions\/14913"}],"wp:attachment":[{"href":"https:\/\/fondation-isae-supaero.org\/en\/wp-json\/wp\/v2\/media?parent=7984"}],"curies":[{"name":"wp","href":"https:\/\/api.w.org\/{rel}","templated":true}]}}