{"id":7987,"date":"2022-04-27T10:58:59","date_gmt":"2022-04-27T10:58:59","guid":{"rendered":"https:\/\/fondation-isae-supaero.org\/helene-boucher-circle\/"},"modified":"2022-09-15T14:45:56","modified_gmt":"2022-09-15T14:45:56","slug":"helene-boucher-circle","status":"publish","type":"page","link":"https:\/\/fondation-isae-supaero.org\/en\/helene-boucher-circle\/","title":{"rendered":"H\u00e9l\u00e8ne Boucher Circle"},"content":{"rendered":"\n[et_pb_section fb_built=&#8221;1&#8243; custom_padding_last_edited=&#8221;on|tablet&#8221; _builder_version=&#8221;4.14.8&#8243; _module_preset=&#8221;default&#8221; custom_padding=&#8221;6%||6%||true|false&#8221; custom_padding_tablet=&#8221;120px||60px||false|false&#8221; custom_padding_phone=&#8221;120px||50px||false|false&#8221; global_colors_info=&#8221;{}&#8221;][et_pb_row column_structure=&#8221;1_2,1_2&#8243; use_custom_gutter=&#8221;on&#8221; gutter_width=&#8221;1&#8243; make_equal=&#8221;on&#8221; _builder_version=&#8221;4.14.8&#8243; _module_preset=&#8221;default&#8221; custom_css_main_element=&#8221;align-items:center;&#8221; global_colors_info=&#8221;{}&#8221;][et_pb_column type=&#8221;1_2&#8243; _builder_version=&#8221;4.14.8&#8243; _module_preset=&#8221;default&#8221; custom_padding=&#8221;|8%|||false|false&#8221; custom_padding_tablet=&#8221;|0%|||false|false&#8221; custom_padding_phone=&#8221;|0%|||false|false&#8221; custom_padding_last_edited=&#8221;on|tablet&#8221; global_colors_info=&#8221;{}&#8221;][et_pb_image src=&#8221;http:\/\/fondation-isae-supaero.org\/wp-content\/uploads\/2022\/03\/trait-jaune-titre.svg&#8221; _builder_version=&#8221;4.14.8&#8243; _module_preset=&#8221;default&#8221; custom_margin=&#8221;||10px||false|false&#8221; global_colors_info=&#8221;{}&#8221;][\/et_pb_image][et_pb_text _builder_version=&#8221;4.14.8&#8243; _module_preset=&#8221;default&#8221; header_font=&#8221;||||||||&#8221; header_font_size=&#8221;3.3em&#8221; header_letter_spacing=&#8221;-1px&#8221; custom_margin=&#8221;||17px|||&#8221; header_font_size_tablet=&#8221;3.3em&#8221; header_font_size_phone=&#8221;3.1em&#8221; header_font_size_last_edited=&#8221;on|phone&#8221; global_colors_info=&#8221;{}&#8221;]<h1>H\u00e9l\u00e8ne Boucher Circle<\/h1>[\/et_pb_text][et_pb_text _builder_version=&#8221;4.14.8&#8243; _module_preset=&#8221;default&#8221; max_width=&#8221;450px&#8221; max_width_tablet=&#8221;100%&#8221; max_width_phone=&#8221;100%&#8221; max_width_last_edited=&#8221;on|tablet&#8221; module_alignment=&#8221;left&#8221; custom_margin=&#8221;||32px|||&#8221; global_colors_info=&#8221;{}&#8221;]<p>&#8220;H\u00e9l\u00e8ne Boucher [1908-1934], pilot, aviatrix, personifies the young French girl &#8211; modesty, simplicity, valour &#8211; pilot of great class who achieves in a short time the most envied records thanks to her skill. Gave his life for aviation. &#8220;Extract from the Journal Officiel, December 2, 1934<\/p>[\/et_pb_text][\/et_pb_column][et_pb_column type=&#8221;1_2&#8243; _builder_version=&#8221;4.14.8&#8243; _module_preset=&#8221;default&#8221; global_colors_info=&#8221;{}&#8221;][et_pb_image src=&#8221;http:\/\/fondation-isae-supaero.org\/wp-content\/uploads\/2022\/04\/cercle_helene_boucher.jpg&#8221; align=&#8221;right&#8221; force_fullwidth=&#8221;on&#8221; align_tablet=&#8221;left&#8221; align_phone=&#8221;left&#8221; align_last_edited=&#8221;on|tablet&#8221; module_class=&#8221;left-t&#8221; _builder_version=&#8221;4.14.8&#8243; _module_preset=&#8221;default&#8221; background_enable_image=&#8221;off&#8221; background_size=&#8221;initial&#8221; background_position=&#8221;top_left&#8221; z_index=&#8221;0&#8243; custom_margin=&#8221;||||false|false&#8221; custom_margin_tablet=&#8221;20px||||false|false&#8221; custom_margin_phone=&#8221;20px||||false|false&#8221; custom_margin_last_edited=&#8221;on|tablet&#8221; global_colors_info=&#8221;{}&#8221;][\/et_pb_image][\/et_pb_column][\/et_pb_row][\/et_pb_section][et_pb_section fb_built=&#8221;1&#8243; custom_padding_last_edited=&#8221;on|desktop&#8221; _builder_version=&#8221;4.14.8&#8243; _module_preset=&#8221;default&#8221; background_image=&#8221;http:\/\/fondation-isae-supaero.org\/wp-content\/uploads\/2022\/03\/pointilles.svg&#8221; background_size=&#8221;initial&#8221; custom_padding=&#8221;0%||7%||false|false&#8221; custom_padding_tablet=&#8221;||80px||false|false&#8221; custom_padding_phone=&#8221;||80px||false|false&#8221; global_colors_info=&#8221;{}&#8221;][et_pb_row _builder_version=&#8221;4.14.8&#8243; _module_preset=&#8221;default&#8221; global_colors_info=&#8221;{}&#8221;][et_pb_column type=&#8221;4_4&#8243; _builder_version=&#8221;4.14.8&#8243; _module_preset=&#8221;default&#8221; global_colors_info=&#8221;{}&#8221;][et_pb_text _builder_version=&#8221;4.14.8&#8243; _module_preset=&#8221;default&#8221; text_font=&#8221;|800|||||||&#8221; global_colors_info=&#8221;{}&#8221;]<p>* Donor Friends Of ISAE<br>** Donor ISAE-SUPAERO Foundation and Friends Of ISAE<br>\u221e Deceased donor<\/p>[\/et_pb_text][\/et_pb_column][\/et_pb_row][et_pb_row column_structure=&#8221;1_3,1_3,1_3&#8243; _builder_version=&#8221;4.14.8&#8243; _module_preset=&#8221;default&#8221; custom_margin=&#8221;50px||||false|false&#8221; global_colors_info=&#8221;{}&#8221;][et_pb_column type=&#8221;1_3&#8243; _builder_version=&#8221;4.14.8&#8243; _module_preset=&#8221;default&#8221; global_colors_info=&#8221;{}&#8221;][et_pb_text _builder_version=&#8221;4.14.8&#8243; _module_preset=&#8221;default&#8221; global_colors_info=&#8221;{}&#8221;]<h2>Benefactors of the H\u00e9l\u00e8ne Boucher Circle<\/h2>\n<p>Lucien BOURELY &#8211; S 1962<br>Philippe FORESTIER &#8211; S 1974<br>V\u00e9ronique LACOSTE<br>Florent MO\u00cfSE &#8211; S 1995 **<\/p>[\/et_pb_text][\/et_pb_column][et_pb_column type=&#8221;1_3&#8243; _builder_version=&#8221;4.14.8&#8243; _module_preset=&#8221;default&#8221; global_colors_info=&#8221;{}&#8221;][et_pb_text _builder_version=&#8221;4.14.8&#8243; _module_preset=&#8221;default&#8221; hover_enabled=&#8221;0&#8243; global_colors_info=&#8221;{}&#8221; sticky_enabled=&#8221;0&#8243;]<h2>Friends of the H\u00e9l\u00e8ne Boucher Circle<\/h2>\n<p>Lionel DE LA SAYETTE &#8211; S 1979<br>Bertrand GEORGE &#8211; S 1983<br>Janine LANSHERE<br>Pierre LARROQUE &#8211; S 1978<br>Jacques LEFEVRE &#8211; S 1984<br>Jean-Louis MARC\u00c9 &#8211; S 1971<br>Florent MO\u00cfSE &#8211; S 1995 **<br>Thierry PARDESSUS &#8211; S 1982<br>Beno\u00eet PETIT &#8211; S 2001<br>Michel SAMUEL &#8211; E 1983<br>Jean-Claude VANNIER &#8211; S 1976<br>Guy ZARROUATI \u221e Class S 1971<br>Class of 1978<br>Class of 1980<br>Class of 1980<\/p>\n<p>Anonymous (1)<\/p>[\/et_pb_text][\/et_pb_column][et_pb_column type=&#8221;1_3&#8243; _builder_version=&#8221;4.14.8&#8243; _module_preset=&#8221;default&#8221; global_colors_info=&#8221;{}&#8221;][et_pb_text _builder_version=&#8221;4.14.8&#8243; _module_preset=&#8221;default&#8221; hover_enabled=&#8221;0&#8243; global_colors_info=&#8221;{}&#8221; sticky_enabled=&#8221;0&#8243;]<h2>Members of the H\u00e9l\u00e8ne Boucher Circle<\/h2>\n<p>St\u00e9phane ALBERNHE &#8211; S 1991 <\/p>\n<p>Jean-Marie BETERMIER &#8211; S 1986 <br>Edwige BONNEVIE &#8211; S 1978 <\/p>\n<p>Charles CHAMPION &#8211; S 1978 <\/p>\n<p>Jean-Bernard DEBRUNE &#8211; E 1980 <br>Fran\u00e7ois DECOURT &#8211; S 1993 <br>Bertrand DELAHAYE &#8211; S 1977 <br>Guillaume FAURY &#8211; S 1992 <\/p>\n<p>Alain FLOURENS &#8211; S 1982 <\/p>\n<p>Vincent GUERMONPREZ &#8211; S 1982 <br>Gilles GUILLON &#8211; S 1997 *<\/p>\n<p>Jean-Paul HERTEMAN &#8211; S 1975 <\/p>\n<p>Xavier LAGARDE &#8211; E 1972 <br>Philippe LUGHERINI &#8211; S 1982 <\/p>\n<p>Patrick MARTINEZ &#8211; S 1981 <br>Charles MISCHEL &#8211; E 1971 <br>Jean-Luc MONLIBERT &#8211; S 1970 <\/p>\n<p>Herv\u00e9 SARTEAU <\/p>\n<p>S\u00e9bastien THIEBAULT &#8211; S 2000 *<br>Philippe TIXIER &#8211; S 1968 <\/p>\n<p>Class of 2001<br>Class of 1977<br>Class of 1981<br>Class of 1983<br>Class of 1988 <br>Class of 2001<\/p>[\/et_pb_text][\/et_pb_column][\/et_pb_row][\/et_pb_section]\n","protected":false},"excerpt":{"rendered":"<p>H\u00e9l\u00e8ne Boucher Circle&#8221;H\u00e9l\u00e8ne Boucher [1908-1934], pilot, aviatrix, personifies the young French girl &#8211; modesty, simplicity, valour &#8211; pilot of great class who achieves in a short time the most envied records thanks to her skill. Gave his life for aviation. &#8220;Extract from the Journal Officiel, December 2, 1934* Donor Friends Of ISAE** Donor ISAE-SUPAERO Foundation [&hellip;]<\/p>\n","protected":false},"author":1,"featured_media":0,"parent":0,"menu_order":0,"comment_status":"closed","ping_status":"closed","template":"","meta":{"_acf_changed":false,"_et_pb_use_builder":"on","_et_pb_old_content":"","_et_gb_content_width":"","footnotes":""},"class_list":["post-7987","page","type-page","status-publish","hentry"],"acf":[],"yoast_head":"<!-- This site is optimized with the Yoast SEO plugin v26.6 - https:\/\/yoast.com\/wordpress\/plugins\/seo\/ -->\n<title>H\u00e9l\u00e8ne Boucher Circle - Fondation ISAE-SUPAERO<\/title>\n<meta name=\"description\" content=\"[1908-1934]H\u00e9l\u00e8ne Boucher&quot; , pilot, aviatrix, personifies the young French girl - modesty, simplicity, valour - pilot of great class who achieves in a short time the most envied records thanks to her skill.\" \/>\n<meta name=\"robots\" content=\"index, follow, max-snippet:-1, max-image-preview:large, max-video-preview:-1\" \/>\n<link rel=\"canonical\" href=\"https:\/\/fondation-isae-supaero.org\/en\/helene-boucher-circle\/\" \/>\n<meta property=\"og:locale\" content=\"en_US\" \/>\n<meta property=\"og:type\" content=\"article\" \/>\n<meta property=\"og:title\" content=\"H\u00e9l\u00e8ne Boucher Circle - Fondation ISAE-SUPAERO\" \/>\n<meta property=\"og:description\" content=\"[1908-1934]H\u00e9l\u00e8ne Boucher&quot; , pilot, aviatrix, personifies the young French girl - modesty, simplicity, valour - pilot of great class who achieves in a short time the most envied records thanks to her skill.\" \/>\n<meta property=\"og:url\" content=\"https:\/\/fondation-isae-supaero.org\/en\/helene-boucher-circle\/\" \/>\n<meta property=\"og:site_name\" content=\"Fondation ISAE-SUPAERO\" \/>\n<meta property=\"article:modified_time\" content=\"2022-09-15T14:45:56+00:00\" \/>\n<meta name=\"twitter:card\" content=\"summary_large_image\" \/>\n<meta name=\"twitter:label1\" content=\"Est. reading time\" \/>\n\t<meta name=\"twitter:data1\" content=\"4 minutes\" \/>\n<script type=\"application\/ld+json\" class=\"yoast-schema-graph\">{\"@context\":\"https:\/\/schema.org\",\"@graph\":[{\"@type\":\"WebPage\",\"@id\":\"https:\/\/fondation-isae-supaero.org\/en\/helene-boucher-circle\/\",\"url\":\"https:\/\/fondation-isae-supaero.org\/en\/helene-boucher-circle\/\",\"name\":\"H\u00e9l\u00e8ne Boucher Circle - Fondation ISAE-SUPAERO\",\"isPartOf\":{\"@id\":\"https:\/\/fondation-isae-supaero.org\/en\/#website\"},\"datePublished\":\"2022-04-27T10:58:59+00:00\",\"dateModified\":\"2022-09-15T14:45:56+00:00\",\"description\":\"[1908-1934]H\u00e9l\u00e8ne Boucher\\\" , pilot, aviatrix, personifies the young French girl - modesty, simplicity, valour - pilot of great class who achieves in a short time the most envied records thanks to her skill.\",\"breadcrumb\":{\"@id\":\"https:\/\/fondation-isae-supaero.org\/en\/helene-boucher-circle\/#breadcrumb\"},\"inLanguage\":\"en-US\",\"potentialAction\":[{\"@type\":\"ReadAction\",\"target\":[\"https:\/\/fondation-isae-supaero.org\/en\/helene-boucher-circle\/\"]}]},{\"@type\":\"BreadcrumbList\",\"@id\":\"https:\/\/fondation-isae-supaero.org\/en\/helene-boucher-circle\/#breadcrumb\",\"itemListElement\":[{\"@type\":\"ListItem\",\"position\":1,\"name\":\"Accueil\",\"item\":\"https:\/\/fondation-isae-supaero.org\/en\/\"},{\"@type\":\"ListItem\",\"position\":2,\"name\":\"H\u00e9l\u00e8ne Boucher Circle\"}]},{\"@type\":\"WebSite\",\"@id\":\"https:\/\/fondation-isae-supaero.org\/en\/#website\",\"url\":\"https:\/\/fondation-isae-supaero.org\/en\/\",\"name\":\"Fondation ISAE-SUPAERO\",\"description\":\"Pour le soutien de la recherche et l&#039;enseignement sup\u00e9rieur \u00e0 l&#039;Institut Sup\u00e9rieur de l&#039;A\u00e9ronautique et de l&#039;Espace\",\"publisher\":{\"@id\":\"https:\/\/fondation-isae-supaero.org\/en\/#organization\"},\"potentialAction\":[{\"@type\":\"SearchAction\",\"target\":{\"@type\":\"EntryPoint\",\"urlTemplate\":\"https:\/\/fondation-isae-supaero.org\/en\/?s={search_term_string}\"},\"query-input\":{\"@type\":\"PropertyValueSpecification\",\"valueRequired\":true,\"valueName\":\"search_term_string\"}}],\"inLanguage\":\"en-US\"},{\"@type\":\"Organization\",\"@id\":\"https:\/\/fondation-isae-supaero.org\/en\/#organization\",\"name\":\"Fondation ISAE Supaero\",\"url\":\"https:\/\/fondation-isae-supaero.org\/en\/\",\"logo\":{\"@type\":\"ImageObject\",\"inLanguage\":\"en-US\",\"@id\":\"https:\/\/fondation-isae-supaero.org\/en\/#\/schema\/logo\/image\/\",\"url\":\"https:\/\/fondation-isae-supaero.org\/wp-content\/uploads\/2022\/04\/logo-fondation-ras-293px.svg\",\"contentUrl\":\"https:\/\/fondation-isae-supaero.org\/wp-content\/uploads\/2022\/04\/logo-fondation-ras-293px.svg\",\"width\":294,\"height\":93,\"caption\":\"Fondation ISAE Supaero\"},\"image\":{\"@id\":\"https:\/\/fondation-isae-supaero.org\/en\/#\/schema\/logo\/image\/\"}}]}<\/script>\n<!-- \/ Yoast SEO plugin. -->","yoast_head_json":{"title":"H\u00e9l\u00e8ne Boucher Circle - Fondation ISAE-SUPAERO","description":"[1908-1934]H\u00e9l\u00e8ne Boucher\" , pilot, aviatrix, personifies the young French girl - modesty, simplicity, valour - pilot of great class who achieves in a short time the most envied records thanks to her skill.","robots":{"index":"index","follow":"follow","max-snippet":"max-snippet:-1","max-image-preview":"max-image-preview:large","max-video-preview":"max-video-preview:-1"},"canonical":"https:\/\/fondation-isae-supaero.org\/en\/helene-boucher-circle\/","og_locale":"en_US","og_type":"article","og_title":"H\u00e9l\u00e8ne Boucher Circle - Fondation ISAE-SUPAERO","og_description":"[1908-1934]H\u00e9l\u00e8ne Boucher\" , pilot, aviatrix, personifies the young French girl - modesty, simplicity, valour - pilot of great class who achieves in a short time the most envied records thanks to her skill.","og_url":"https:\/\/fondation-isae-supaero.org\/en\/helene-boucher-circle\/","og_site_name":"Fondation ISAE-SUPAERO","article_modified_time":"2022-09-15T14:45:56+00:00","twitter_card":"summary_large_image","twitter_misc":{"Est. reading time":"4 minutes"},"schema":{"@context":"https:\/\/schema.org","@graph":[{"@type":"WebPage","@id":"https:\/\/fondation-isae-supaero.org\/en\/helene-boucher-circle\/","url":"https:\/\/fondation-isae-supaero.org\/en\/helene-boucher-circle\/","name":"H\u00e9l\u00e8ne Boucher Circle - Fondation ISAE-SUPAERO","isPartOf":{"@id":"https:\/\/fondation-isae-supaero.org\/en\/#website"},"datePublished":"2022-04-27T10:58:59+00:00","dateModified":"2022-09-15T14:45:56+00:00","description":"[1908-1934]H\u00e9l\u00e8ne Boucher\" , pilot, aviatrix, personifies the young French girl - modesty, simplicity, valour - pilot of great class who achieves in a short time the most envied records thanks to her skill.","breadcrumb":{"@id":"https:\/\/fondation-isae-supaero.org\/en\/helene-boucher-circle\/#breadcrumb"},"inLanguage":"en-US","potentialAction":[{"@type":"ReadAction","target":["https:\/\/fondation-isae-supaero.org\/en\/helene-boucher-circle\/"]}]},{"@type":"BreadcrumbList","@id":"https:\/\/fondation-isae-supaero.org\/en\/helene-boucher-circle\/#breadcrumb","itemListElement":[{"@type":"ListItem","position":1,"name":"Accueil","item":"https:\/\/fondation-isae-supaero.org\/en\/"},{"@type":"ListItem","position":2,"name":"H\u00e9l\u00e8ne Boucher Circle"}]},{"@type":"WebSite","@id":"https:\/\/fondation-isae-supaero.org\/en\/#website","url":"https:\/\/fondation-isae-supaero.org\/en\/","name":"Fondation ISAE-SUPAERO","description":"Pour le soutien de la recherche et l&#039;enseignement sup\u00e9rieur \u00e0 l&#039;Institut Sup\u00e9rieur de l&#039;A\u00e9ronautique et de l&#039;Espace","publisher":{"@id":"https:\/\/fondation-isae-supaero.org\/en\/#organization"},"potentialAction":[{"@type":"SearchAction","target":{"@type":"EntryPoint","urlTemplate":"https:\/\/fondation-isae-supaero.org\/en\/?s={search_term_string}"},"query-input":{"@type":"PropertyValueSpecification","valueRequired":true,"valueName":"search_term_string"}}],"inLanguage":"en-US"},{"@type":"Organization","@id":"https:\/\/fondation-isae-supaero.org\/en\/#organization","name":"Fondation ISAE Supaero","url":"https:\/\/fondation-isae-supaero.org\/en\/","logo":{"@type":"ImageObject","inLanguage":"en-US","@id":"https:\/\/fondation-isae-supaero.org\/en\/#\/schema\/logo\/image\/","url":"https:\/\/fondation-isae-supaero.org\/wp-content\/uploads\/2022\/04\/logo-fondation-ras-293px.svg","contentUrl":"https:\/\/fondation-isae-supaero.org\/wp-content\/uploads\/2022\/04\/logo-fondation-ras-293px.svg","width":294,"height":93,"caption":"Fondation ISAE Supaero"},"image":{"@id":"https:\/\/fondation-isae-supaero.org\/en\/#\/schema\/logo\/image\/"}}]}},"_links":{"self":[{"href":"https:\/\/fondation-isae-supaero.org\/en\/wp-json\/wp\/v2\/pages\/7987","targetHints":{"allow":["GET"]}}],"collection":[{"href":"https:\/\/fondation-isae-supaero.org\/en\/wp-json\/wp\/v2\/pages"}],"about":[{"href":"https:\/\/fondation-isae-supaero.org\/en\/wp-json\/wp\/v2\/types\/page"}],"author":[{"embeddable":true,"href":"https:\/\/fondation-isae-supaero.org\/en\/wp-json\/wp\/v2\/users\/1"}],"replies":[{"embeddable":true,"href":"https:\/\/fondation-isae-supaero.org\/en\/wp-json\/wp\/v2\/comments?post=7987"}],"version-history":[{"count":3,"href":"https:\/\/fondation-isae-supaero.org\/en\/wp-json\/wp\/v2\/pages\/7987\/revisions"}],"predecessor-version":[{"id":8550,"href":"https:\/\/fondation-isae-supaero.org\/en\/wp-json\/wp\/v2\/pages\/7987\/revisions\/8550"}],"wp:attachment":[{"href":"https:\/\/fondation-isae-supaero.org\/en\/wp-json\/wp\/v2\/media?parent=7987"}],"curies":[{"name":"wp","href":"https:\/\/api.w.org\/{rel}","templated":true}]}}